{"id":1767,"date":"2020-12-01T15:22:09","date_gmt":"2020-12-01T14:22:09","guid":{"rendered":"https:\/\/www.gaapex.ch\/blog\/"},"modified":"2025-09-14T01:05:28","modified_gmt":"2025-09-13T23:05:28","slug":"blog","status":"publish","type":"page","link":"https:\/\/www.gaapex.ch\/de\/blog\/","title":{"rendered":"Blog"},"content":{"rendered":"<p>[et_pb_section fb_built=&#8220;1&#8243; admin_label=&#8220;Hero&#8220; _builder_version=&#8220;4.16&#8243; background_color=&#8220;#084666&#8243; use_background_color_gradient=&#8220;on&#8220; background_color_gradient_direction=&#8220;170deg&#8220; background_color_gradient_stops=&#8220;#002e4f 1%|rgba(8,70,102,0.8) 100%&#8220; background_color_gradient_overlays_image=&#8220;on&#8220; background_color_gradient_start=&#8220;#002e4f&#8220; background_color_gradient_start_position=&#8220;1%&#8220; background_color_gradient_end=&#8220;rgba(8,70,102,0.8)&#8220; background_enable_image=&#8220;off&#8220; custom_padding=&#8220;|||&#8220; global_colors_info=&#8220;{}&#8220;][et_pb_row _builder_version=&#8220;4.16&#8243; background_size=&#8220;initial&#8220; background_position=&#8220;top_left&#8220; background_repeat=&#8220;repeat&#8220; custom_padding=&#8220;27px|0px|27px|0px|false|false&#8220; global_colors_info=&#8220;{}&#8220;][et_pb_column type=&#8220;4_4&#8243; _builder_version=&#8220;4.16&#8243; custom_padding=&#8220;|||&#8220; global_colors_info=&#8220;{}&#8220; custom_padding__hover=&#8220;|||&#8220;][et_pb_text _builder_version=&#8220;4.16&#8243; text_font=&#8220;||||||||&#8220; text_font_size=&#8220;20px&#8220; text_line_height=&#8220;1.8em&#8220; header_font=&#8220;Open Sans|800|||||||&#8220; header_font_size=&#8220;60px&#8220; header_line_height=&#8220;1.3em&#8220; background_size=&#8220;initial&#8220; background_position=&#8220;top_left&#8220; background_repeat=&#8220;repeat&#8220; background_layout=&#8220;dark&#8220; max_width=&#8220;600px&#8220; custom_margin=&#8220;|||&#8220; custom_margin_tablet=&#8220;|100px||&#8220; custom_margin_phone=&#8220;|30px||&#8220; custom_margin_last_edited=&#8220;off|desktop&#8220; header_font_size_tablet=&#8220;50px&#8220; header_font_size_phone=&#8220;40px&#8220; header_font_size_last_edited=&#8220;on|phone&#8220; header_line_height_tablet=&#8220;&#8220; header_line_height_phone=&#8220;&#8220; header_line_height_last_edited=&#8220;on|desktop&#8220; global_colors_info=&#8220;{}&#8220;]<\/p>\n<h1>Blog<\/h1>\n<p>[\/et_pb_text][\/et_pb_column][\/et_pb_row][\/et_pb_section][et_pb_section fb_built=&#8220;1&#8243; admin_label=&#8220;Service&#8220; _builder_version=&#8220;4.16&#8243; background_color=&#8220;#f6f8fa&#8220; locked=&#8220;off&#8220; global_colors_info=&#8220;{}&#8220;][et_pb_row _builder_version=&#8220;4.16&#8243; background_color=&#8220;rgba(0,0,0,0)&#8220; global_colors_info=&#8220;{}&#8220;][et_pb_column type=&#8220;4_4&#8243; _builder_version=&#8220;4.16&#8243; custom_padding=&#8220;|||&#8220; global_colors_info=&#8220;{}&#8220; custom_padding__hover=&#8220;|||&#8220;][et_pb_blog fullwidth=&#8220;off&#8220; meta_date=&#8220;j M Y&#8220; show_more=&#8220;on&#8220; show_author=&#8220;off&#8220; show_categories=&#8220;off&#8220; _builder_version=&#8220;4.5.2&#8243; _module_preset=&#8220;default&#8220; background_color=&#8220;rgba(0,0,0,0)&#8220; hover_enabled=&#8220;0&#8243;][\/et_pb_blog][\/et_pb_column][\/et_pb_row][\/et_pb_section]<\/p>\n","protected":false},"excerpt":{"rendered":"<p>Blog<\/p>\n","protected":false},"author":1,"featured_media":0,"parent":0,"menu_order":0,"comment_status":"closed","ping_status":"closed","template":"","meta":{"_et_pb_use_builder":"on","_et_pb_old_content":"","_et_gb_content_width":"","footnotes":""},"class_list":["post-1767","page","type-page","status-publish","hentry"],"yoast_head":"<!-- This site is optimized with the Yoast SEO Premium plugin v27.3 (Yoast SEO v27.3) - https:\/\/yoast.com\/product\/yoast-seo-premium-wordpress\/ -->\n<title>Blog - Treuhand Gaapex, Z\u00fcrich, Bern, Lausanne<\/title>\n<meta name=\"description\" content=\"Die neuesten Mitteilungen zu den Bereichen Buchhaltung und Steuerfragen sowie zu Gaapex finden Sie hier.\" \/>\n<meta name=\"robots\" content=\"index, follow, max-snippet:-1, max-image-preview:large, max-video-preview:-1\" \/>\n<link rel=\"canonical\" href=\"https:\/\/www.gaapex.ch\/de\/blog\/\" \/>\n<meta property=\"og:locale\" content=\"de_DE\" \/>\n<meta property=\"og:type\" content=\"article\" \/>\n<meta property=\"og:title\" content=\"Blog\" \/>\n<meta property=\"og:description\" content=\"Die neuesten Mitteilungen zu den Bereichen Buchhaltung und Steuerfragen sowie zu Gaapex finden Sie hier.\" \/>\n<meta property=\"og:url\" content=\"https:\/\/www.gaapex.ch\/de\/blog\/\" \/>\n<meta property=\"og:site_name\" content=\"Treuhand Gaapex, Z\u00fcrich, Bern, Lausanne\" \/>\n<meta property=\"article:publisher\" content=\"https:\/\/www.facebook.com\/gaapex.ch\" \/>\n<meta property=\"article:modified_time\" content=\"2025-09-13T23:05:28+00:00\" \/>\n<meta name=\"twitter:card\" content=\"summary_large_image\" \/>\n<meta name=\"twitter:site\" content=\"@Gaapex\" \/>\n<meta name=\"twitter:label1\" content=\"Gesch\u00e4tzte Lesezeit\" \/>\n\t<meta name=\"twitter:data1\" content=\"1\u00a0Minute\" \/>\n<script type=\"application\/ld+json\" class=\"yoast-schema-graph\">{\"@context\":\"https:\\\/\\\/schema.org\",\"@graph\":[{\"@type\":\"WebPage\",\"@id\":\"https:\\\/\\\/www.gaapex.ch\\\/de\\\/blog\\\/\",\"url\":\"https:\\\/\\\/www.gaapex.ch\\\/de\\\/blog\\\/\",\"name\":\"Blog - Treuhand Gaapex, Z\u00fcrich, Bern, Lausanne\",\"isPartOf\":{\"@id\":\"https:\\\/\\\/www.gaapex.ch\\\/de\\\/#website\"},\"datePublished\":\"2020-12-01T14:22:09+00:00\",\"dateModified\":\"2025-09-13T23:05:28+00:00\",\"description\":\"Die neuesten Mitteilungen zu den Bereichen Buchhaltung und Steuerfragen sowie zu Gaapex finden Sie hier.\",\"breadcrumb\":{\"@id\":\"https:\\\/\\\/www.gaapex.ch\\\/de\\\/blog\\\/#breadcrumb\"},\"inLanguage\":\"de\",\"potentialAction\":[{\"@type\":\"ReadAction\",\"target\":[\"https:\\\/\\\/www.gaapex.ch\\\/de\\\/blog\\\/\"]}]},{\"@type\":\"BreadcrumbList\",\"@id\":\"https:\\\/\\\/www.gaapex.ch\\\/de\\\/blog\\\/#breadcrumb\",\"itemListElement\":[{\"@type\":\"ListItem\",\"position\":1,\"name\":\"Accueil\",\"item\":\"https:\\\/\\\/www.gaapex.ch\\\/de\\\/\"},{\"@type\":\"ListItem\",\"position\":2,\"name\":\"Blog\"}]},{\"@type\":\"WebSite\",\"@id\":\"https:\\\/\\\/www.gaapex.ch\\\/de\\\/#website\",\"url\":\"https:\\\/\\\/www.gaapex.ch\\\/de\\\/\",\"name\":\"Treuhand Gaapex, Z\u00fcrich, Bern, Lausanne\",\"description\":\"Comptabilit\u00e9, fiscalit\u00e9 et finance\",\"potentialAction\":[{\"@type\":\"SearchAction\",\"target\":{\"@type\":\"EntryPoint\",\"urlTemplate\":\"https:\\\/\\\/www.gaapex.ch\\\/de\\\/?s={search_term_string}\"},\"query-input\":{\"@type\":\"PropertyValueSpecification\",\"valueRequired\":true,\"valueName\":\"search_term_string\"}}],\"inLanguage\":\"de\"}]}<\/script>\n<!-- \/ Yoast SEO Premium plugin. -->","yoast_head_json":{"title":"Blog - Treuhand Gaapex, Z\u00fcrich, Bern, Lausanne","description":"Die neuesten Mitteilungen zu den Bereichen Buchhaltung und Steuerfragen sowie zu Gaapex finden Sie hier.","robots":{"index":"index","follow":"follow","max-snippet":"max-snippet:-1","max-image-preview":"max-image-preview:large","max-video-preview":"max-video-preview:-1"},"canonical":"https:\/\/www.gaapex.ch\/de\/blog\/","og_locale":"de_DE","og_type":"article","og_title":"Blog","og_description":"Die neuesten Mitteilungen zu den Bereichen Buchhaltung und Steuerfragen sowie zu Gaapex finden Sie hier.","og_url":"https:\/\/www.gaapex.ch\/de\/blog\/","og_site_name":"Treuhand Gaapex, Z\u00fcrich, Bern, Lausanne","article_publisher":"https:\/\/www.facebook.com\/gaapex.ch","article_modified_time":"2025-09-13T23:05:28+00:00","twitter_card":"summary_large_image","twitter_site":"@Gaapex","twitter_misc":{"Gesch\u00e4tzte Lesezeit":"1\u00a0Minute"},"schema":{"@context":"https:\/\/schema.org","@graph":[{"@type":"WebPage","@id":"https:\/\/www.gaapex.ch\/de\/blog\/","url":"https:\/\/www.gaapex.ch\/de\/blog\/","name":"Blog - Treuhand Gaapex, Z\u00fcrich, Bern, Lausanne","isPartOf":{"@id":"https:\/\/www.gaapex.ch\/de\/#website"},"datePublished":"2020-12-01T14:22:09+00:00","dateModified":"2025-09-13T23:05:28+00:00","description":"Die neuesten Mitteilungen zu den Bereichen Buchhaltung und Steuerfragen sowie zu Gaapex finden Sie hier.","breadcrumb":{"@id":"https:\/\/www.gaapex.ch\/de\/blog\/#breadcrumb"},"inLanguage":"de","potentialAction":[{"@type":"ReadAction","target":["https:\/\/www.gaapex.ch\/de\/blog\/"]}]},{"@type":"BreadcrumbList","@id":"https:\/\/www.gaapex.ch\/de\/blog\/#breadcrumb","itemListElement":[{"@type":"ListItem","position":1,"name":"Accueil","item":"https:\/\/www.gaapex.ch\/de\/"},{"@type":"ListItem","position":2,"name":"Blog"}]},{"@type":"WebSite","@id":"https:\/\/www.gaapex.ch\/de\/#website","url":"https:\/\/www.gaapex.ch\/de\/","name":"Treuhand Gaapex, Z\u00fcrich, Bern, Lausanne","description":"Comptabilit\u00e9, fiscalit\u00e9 et finance","potentialAction":[{"@type":"SearchAction","target":{"@type":"EntryPoint","urlTemplate":"https:\/\/www.gaapex.ch\/de\/?s={search_term_string}"},"query-input":{"@type":"PropertyValueSpecification","valueRequired":true,"valueName":"search_term_string"}}],"inLanguage":"de"}]}},"_links":{"self":[{"href":"https:\/\/www.gaapex.ch\/de\/wp-json\/wp\/v2\/pages\/1767","targetHints":{"allow":["GET"]}}],"collection":[{"href":"https:\/\/www.gaapex.ch\/de\/wp-json\/wp\/v2\/pages"}],"about":[{"href":"https:\/\/www.gaapex.ch\/de\/wp-json\/wp\/v2\/types\/page"}],"author":[{"embeddable":true,"href":"https:\/\/www.gaapex.ch\/de\/wp-json\/wp\/v2\/users\/1"}],"replies":[{"embeddable":true,"href":"https:\/\/www.gaapex.ch\/de\/wp-json\/wp\/v2\/comments?post=1767"}],"version-history":[{"count":3,"href":"https:\/\/www.gaapex.ch\/de\/wp-json\/wp\/v2\/pages\/1767\/revisions"}],"predecessor-version":[{"id":3477,"href":"https:\/\/www.gaapex.ch\/de\/wp-json\/wp\/v2\/pages\/1767\/revisions\/3477"}],"wp:attachment":[{"href":"https:\/\/www.gaapex.ch\/de\/wp-json\/wp\/v2\/media?parent=1767"}],"curies":[{"name":"wp","href":"https:\/\/api.w.org\/{rel}","templated":true}]}}