{"id":1781,"date":"2020-12-01T15:22:55","date_gmt":"2020-12-01T14:22:55","guid":{"rendered":"https:\/\/www.gaapex.ch\/due-diligence\/"},"modified":"2020-12-01T21:35:30","modified_gmt":"2020-12-01T20:35:30","slug":"due-diligence","status":"publish","type":"page","link":"https:\/\/www.gaapex.ch\/de\/due-diligence\/","title":{"rendered":"Due Diligence"},"content":{"rendered":"<p>[et_pb_section fb_built=&#8220;1&#8243; admin_label=&#8220;Hero&#8220; _builder_version=&#8220;4.7.2&#8243; background_color=&#8220;rgba(0,0,0,0)&#8220; use_background_color_gradient=&#8220;on&#8220; background_color_gradient_start=&#8220;#003f6e&#8220; background_color_gradient_end=&#8220;rgba(0,63,110,0.3)&#8220; background_color_gradient_direction=&#8220;90deg&#8220; background_color_gradient_overlays_image=&#8220;on&#8220; background_image=&#8220;https:\/\/www.gaapex.ch\/wp-content\/uploads\/2020\/10\/AdobeStock_328032850-scaled.jpeg&#8220; custom_padding=&#8220;|||&#8220; hover_enabled=&#8220;0&#8243; sticky_enabled=&#8220;0&#8243;][et_pb_row _builder_version=&#8220;3.25&#8243; background_size=&#8220;initial&#8220; background_position=&#8220;top_left&#8220; background_repeat=&#8220;repeat&#8220; custom_padding=&#8220;27px|0px|27px|0px|false|false&#8220;][et_pb_column type=&#8220;4_4&#8243; _builder_version=&#8220;3.25&#8243; custom_padding=&#8220;|||&#8220; custom_padding__hover=&#8220;|||&#8220;][et_pb_text _builder_version=&#8220;4.6.5&#8243; text_font=&#8220;||||||||&#8220; text_font_size=&#8220;20px&#8220; text_line_height=&#8220;1.8em&#8220; header_font=&#8220;Open Sans|800|||||||&#8220; header_font_size=&#8220;60px&#8220; header_line_height=&#8220;1.3em&#8220; background_size=&#8220;initial&#8220; background_position=&#8220;top_left&#8220; background_repeat=&#8220;repeat&#8220; background_layout=&#8220;dark&#8220; max_width=&#8220;600px&#8220; max_width_tablet=&#8220;&#8220; max_width_phone=&#8220;100%&#8220; max_width_last_edited=&#8220;on|phone&#8220; custom_margin=&#8220;|-492px||||&#8220; custom_margin_tablet=&#8220;|100px||&#8220; custom_margin_phone=&#8220;|30px||&#8220; custom_margin_last_edited=&#8220;off|desktop&#8220; custom_padding=&#8220;|0px||||&#8220; header_font_size_tablet=&#8220;50px&#8220; header_font_size_phone=&#8220;40px&#8220; header_font_size_last_edited=&#8220;on|phone&#8220; header_line_height_tablet=&#8220;&#8220; header_line_height_phone=&#8220;&#8220; header_line_height_last_edited=&#8220;on|desktop&#8220;]<\/p>\n<h1>Due Diligence<\/h1>\n<p>Sie erw\u00e4gen den Kauf eines bestimmten Unternehmens? Wir unterst\u00fctzen Sie mit unserer Erfahrung und unserem Fachwissen in Due-Diligence-Verfahren.<\/p>\n<p>[\/et_pb_text][\/et_pb_column][\/et_pb_row][\/et_pb_section][et_pb_section fb_built=&#8220;1&#8243; _builder_version=&#8220;4.5.1&#8243; _module_preset=&#8220;default&#8220;][et_pb_row column_structure=&#8220;1_2,1_2&#8243; _builder_version=&#8220;4.5.1&#8243; _module_preset=&#8220;default&#8220;][et_pb_column type=&#8220;1_2&#8243; _builder_version=&#8220;4.5.1&#8243; _module_preset=&#8220;default&#8220;][et_pb_text _builder_version=&#8220;4.6.5&#8243; header_font=&#8220;||||||||&#8220; header_2_font=&#8220;Montserrat|700||on|||||&#8220; header_2_text_color=&#8220;#003f6e&#8220; header_2_font_size=&#8220;20px&#8220; header_2_letter_spacing=&#8220;1px&#8220; header_3_font=&#8220;||||||||&#8220; header_4_font=&#8220;Montserrat|700||on|||||&#8220; header_4_text_color=&#8220;#003f6e&#8220; header_4_font_size=&#8220;15px&#8220; header_4_letter_spacing=&#8220;2px&#8220; header_4_line_height=&#8220;1.6em&#8220; min_height=&#8220;30px&#8220; custom_margin=&#8220;||3px|||&#8220; locked=&#8220;off&#8220;]<\/p>\n<h2>Due Diligence<\/h2>\n<p>[\/et_pb_text][et_pb_text _builder_version=&#8220;4.6.5&#8243; text_font=&#8220;||||||||&#8220; text_font_size=&#8220;16px&#8220; text_line_height=&#8220;1.6em&#8220; header_font=&#8220;||||||||&#8220; header_2_font=&#8220;Montserrat|800|||||||&#8220; header_2_font_size=&#8220;30px&#8220; header_2_line_height=&#8220;1.5em&#8220; header_3_font=&#8220;||||||||&#8220; header_4_font=&#8220;||||||||&#8220; min_height=&#8220;235px&#8220; custom_margin=&#8220;||||false|false&#8220; custom_padding=&#8220;20px||||false|false&#8220; header_2_font_size_tablet=&#8220;30px&#8220; header_2_font_size_phone=&#8220;20px&#8220; header_2_font_size_last_edited=&#8220;on|phone&#8220; border_color_all=&#8220;#12eaa6&#8243; border_width_top=&#8220;2px&#8220; border_color_top=&#8220;#003f6e&#8220; locked=&#8220;off&#8220;]<\/p>\n<p>Bei der Planung einer zuk\u00fcnftigen \u00dcbernahme stellt die Sorgfaltspr\u00fcfung (Due Diligence) einen zentralen Meilenstein dar: Mit ihrer Hilfe lassen sich allf\u00e4llige Risiken (namentlich steuerlicher Art) herausarbeiten, die den zuk\u00fcnftigen K\u00e4ufer m\u00f6glicherweise erwarten. So k\u00f6nnen die Beteiligten auf Basis konkreter und zuverl\u00e4ssiger Daten einen Entscheid f\u00e4llen und einen An- oder Verkaufspreis festlegen, der diese Risiken ber\u00fccksichtigt.<\/p>\n<p>Gaapex bietet Ihnen insbesondere Unterst\u00fctzung und Fachwissen in folgenden Bereichen:<\/p>\n<p>&nbsp;<\/p>\n<ul>\n<li>Analyse von Buchhaltungsdaten, Abgleiche\/\u00dcberleitungen und Jahresabschl\u00fcsse<\/li>\n<li>\u00dcberpr\u00fcfung der steuerrelevanten Daten und Identifikation der Risiken<\/li>\n<li>Budgetanalyse und Finanzprognosen<\/li>\n<li>Analyse und \u00dcberpr\u00fcfung der Kapitalstruktur<\/li>\n<li>Revision der praktischen buchhalterischen Ans\u00e4tze<\/li>\n<li>\u00dcberleitung von Abschl\u00fcssen gem\u00e4ss den schweizerischen Vorschriften nach IFRS oder US GAAP zu Analysezwecken.<\/li>\n<\/ul>\n<p>[\/et_pb_text][\/et_pb_column][et_pb_column type=&#8220;1_2&#8243; _builder_version=&#8220;4.5.1&#8243; _module_preset=&#8220;default&#8220;][et_pb_text _builder_version=&#8220;4.6.5&#8243; header_font=&#8220;||||||||&#8220; header_2_font=&#8220;Montserrat|700||on|||||&#8220; header_2_text_color=&#8220;#003f6e&#8220; header_2_font_size=&#8220;20px&#8220; header_2_letter_spacing=&#8220;1px&#8220; header_3_font=&#8220;||||||||&#8220; header_4_font=&#8220;Montserrat|700||on|||||&#8220; header_4_text_color=&#8220;#003f6e&#8220; header_4_font_size=&#8220;15px&#8220; header_4_letter_spacing=&#8220;2px&#8220; header_4_line_height=&#8220;1.6em&#8220; min_height=&#8220;30px&#8220; custom_margin=&#8220;||3px|||&#8220; locked=&#8220;off&#8220;][\/et_pb_text][et_pb_image src=&#8220;https:\/\/www.gaapex.ch\/wp-content\/uploads\/2020\/08\/due-diligence.jpg&#8220; title_text=&#8220;Due Diligence&#8220; _builder_version=&#8220;4.7.2&#8243; _module_preset=&#8220;default&#8220; custom_margin=&#8220;||||false|false&#8220; custom_padding=&#8220;20px||||false|false&#8220; hover_enabled=&#8220;0&#8243; sticky_enabled=&#8220;0&#8243;][\/et_pb_image][\/et_pb_column][\/et_pb_row][\/et_pb_section][et_pb_section fb_built=&#8220;1&#8243; _builder_version=&#8220;4.5.1&#8243; _module_preset=&#8220;default&#8220; background_color=&#8220;#003f6e&#8220;][et_pb_row _builder_version=&#8220;4.5.1&#8243; _module_preset=&#8220;default&#8220;][et_pb_column type=&#8220;4_4&#8243; _builder_version=&#8220;4.5.1&#8243; _module_preset=&#8220;default&#8220;][et_pb_text _builder_version=&#8220;4.5.2&#8243; _module_preset=&#8220;default&#8220; text_text_color=&#8220;#003f6e&#8220; header_3_text_color=&#8220;#ffffff&#8220;]<\/p>\n<h3 style=\"text-align: center;\">Ben\u00f6tigen Sie einen Wirtschaftspr\u00fcfer oder eine WIrtschaftspr\u00fcferin zur Durchf\u00fchrung einer finanziellen Due Diligence?<\/h3>\n<p>[\/et_pb_text][\/et_pb_column][\/et_pb_row][et_pb_row _builder_version=&#8220;4.5.1&#8243; _module_preset=&#8220;default&#8220;][et_pb_column type=&#8220;4_4&#8243; _builder_version=&#8220;4.5.1&#8243; _module_preset=&#8220;default&#8220;][et_pb_button button_url=&#8220;@ET-DC@eyJkeW5hbWljIjp0cnVlLCJjb250ZW50IjoicG9zdF9saW5rX3VybF9wYWdlIiwic2V0dGluZ3MiOnsicG9zdF9pZCI6IjExNjQifX0=@&#8220; button_text=&#8220;Kontaktieren Sie uns, wir beraten Sie gerne.&#8220; button_alignment=&#8220;center&#8220; _builder_version=&#8220;4.6.6&#8243; _dynamic_attributes=&#8220;button_url&#8220; _module_preset=&#8220;default&#8220; custom_button=&#8220;on&#8220; button_text_size=&#8220;15px&#8220; button_text_color=&#8220;#ffffff&#8220; button_bg_color=&#8220;#003f6e&#8220; button_border_radius=&#8220;9px&#8220; button_letter_spacing=&#8220;2px&#8220; button_font=&#8220;|700||on|||||&#8220; button_use_icon=&#8220;off&#8220; custom_padding=&#8220;16px|32px|16px|32px|false|false&#8220; button_bg_color__hover_enabled=&#8220;on|hover&#8220; button_bg_color__hover=&#8220;#007fe0&#8243; button_bg_enable_color__hover=&#8220;on&#8220;][\/et_pb_button][\/et_pb_column][\/et_pb_row][\/et_pb_section]<\/p>\n","protected":false},"excerpt":{"rendered":"<p>Due Diligence Sie erw\u00e4gen den Kauf eines bestimmten Unternehmens? Wir unterst\u00fctzen Sie mit unserer Erfahrung und unserem Fachwissen in Due-Diligence-Verfahren.Due DiligenceBei der Planung einer zuk\u00fcnftigen \u00dcbernahme stellt die Sorgfaltspr\u00fcfung (Due Diligence) einen zentralen Meilenstein dar: Mit ihrer Hilfe lassen sich allf\u00e4llige Risiken (namentlich steuerlicher Art) herausarbeiten, die den zuk\u00fcnftigen K\u00e4ufer m\u00f6glicherweise erwarten. So k\u00f6nnen die [&hellip;]<\/p>\n","protected":false},"author":1,"featured_media":0,"parent":0,"menu_order":0,"comment_status":"closed","ping_status":"closed","template":"","meta":{"_et_pb_use_builder":"on","_et_pb_old_content":"","_et_gb_content_width":"","footnotes":""},"class_list":["post-1781","page","type-page","status-publish","hentry"],"yoast_head":"<!-- This site is optimized with the Yoast SEO Premium plugin v27.4 (Yoast SEO v27.4) - https:\/\/yoast.com\/product\/yoast-seo-premium-wordpress\/ -->\n<title>Due Diligence - Treuhand Gaapex, Z\u00fcrich, Bern, Lausanne<\/title>\n<meta name=\"description\" content=\"Sie m\u00f6chten in ein Unternehmen investieren? Wir unterst\u00fctzen Sie bei der Durchf\u00fchrung einer finanziellen Sorgfaltspr\u00fcfung (Due Diligence) des von Ihnen anvisierten Unternehmens.\" \/>\n<meta name=\"robots\" content=\"index, follow, max-snippet:-1, max-image-preview:large, max-video-preview:-1\" \/>\n<link rel=\"canonical\" href=\"https:\/\/www.gaapex.ch\/de\/due-diligence\/\" \/>\n<meta property=\"og:locale\" content=\"de_DE\" \/>\n<meta property=\"og:type\" content=\"article\" \/>\n<meta property=\"og:title\" content=\"Due Diligence\" \/>\n<meta property=\"og:description\" content=\"Sie m\u00f6chten in ein Unternehmen investieren? Wir unterst\u00fctzen Sie bei der Durchf\u00fchrung einer finanziellen Sorgfaltspr\u00fcfung (Due Diligence) des von Ihnen anvisierten Unternehmens.\" \/>\n<meta property=\"og:url\" content=\"https:\/\/www.gaapex.ch\/de\/due-diligence\/\" \/>\n<meta property=\"og:site_name\" content=\"Treuhand Gaapex, Z\u00fcrich, Bern, Lausanne\" \/>\n<meta property=\"article:publisher\" content=\"https:\/\/www.facebook.com\/gaapex.ch\" \/>\n<meta property=\"article:modified_time\" content=\"2020-12-01T20:35:30+00:00\" \/>\n<meta name=\"twitter:card\" content=\"summary_large_image\" \/>\n<meta name=\"twitter:site\" content=\"@Gaapex\" \/>\n<meta name=\"twitter:label1\" content=\"Gesch\u00e4tzte Lesezeit\" \/>\n\t<meta name=\"twitter:data1\" content=\"4\u00a0Minuten\" \/>\n<script type=\"application\/ld+json\" class=\"yoast-schema-graph\">{\"@context\":\"https:\\\/\\\/schema.org\",\"@graph\":[{\"@type\":\"WebPage\",\"@id\":\"https:\\\/\\\/www.gaapex.ch\\\/de\\\/due-diligence\\\/\",\"url\":\"https:\\\/\\\/www.gaapex.ch\\\/de\\\/due-diligence\\\/\",\"name\":\"Due Diligence - Treuhand Gaapex, Z\u00fcrich, Bern, Lausanne\",\"isPartOf\":{\"@id\":\"https:\\\/\\\/www.gaapex.ch\\\/de\\\/#website\"},\"datePublished\":\"2020-12-01T14:22:55+00:00\",\"dateModified\":\"2020-12-01T20:35:30+00:00\",\"description\":\"Sie m\u00f6chten in ein Unternehmen investieren? Wir unterst\u00fctzen Sie bei der Durchf\u00fchrung einer finanziellen Sorgfaltspr\u00fcfung (Due Diligence) des von Ihnen anvisierten Unternehmens.\",\"breadcrumb\":{\"@id\":\"https:\\\/\\\/www.gaapex.ch\\\/de\\\/due-diligence\\\/#breadcrumb\"},\"inLanguage\":\"de\",\"potentialAction\":[{\"@type\":\"ReadAction\",\"target\":[\"https:\\\/\\\/www.gaapex.ch\\\/de\\\/due-diligence\\\/\"]}]},{\"@type\":\"BreadcrumbList\",\"@id\":\"https:\\\/\\\/www.gaapex.ch\\\/de\\\/due-diligence\\\/#breadcrumb\",\"itemListElement\":[{\"@type\":\"ListItem\",\"position\":1,\"name\":\"Accueil\",\"item\":\"https:\\\/\\\/www.gaapex.ch\\\/de\\\/\"},{\"@type\":\"ListItem\",\"position\":2,\"name\":\"Due Diligence\"}]},{\"@type\":\"WebSite\",\"@id\":\"https:\\\/\\\/www.gaapex.ch\\\/de\\\/#website\",\"url\":\"https:\\\/\\\/www.gaapex.ch\\\/de\\\/\",\"name\":\"Treuhand Gaapex, Z\u00fcrich, Bern, Lausanne\",\"description\":\"Comptabilit\u00e9, fiscalit\u00e9 et finance\",\"potentialAction\":[{\"@type\":\"SearchAction\",\"target\":{\"@type\":\"EntryPoint\",\"urlTemplate\":\"https:\\\/\\\/www.gaapex.ch\\\/de\\\/?s={search_term_string}\"},\"query-input\":{\"@type\":\"PropertyValueSpecification\",\"valueRequired\":true,\"valueName\":\"search_term_string\"}}],\"inLanguage\":\"de\"}]}<\/script>\n<!-- \/ Yoast SEO Premium plugin. -->","yoast_head_json":{"title":"Due Diligence - Treuhand Gaapex, Z\u00fcrich, Bern, Lausanne","description":"Sie m\u00f6chten in ein Unternehmen investieren? Wir unterst\u00fctzen Sie bei der Durchf\u00fchrung einer finanziellen Sorgfaltspr\u00fcfung (Due Diligence) des von Ihnen anvisierten Unternehmens.","robots":{"index":"index","follow":"follow","max-snippet":"max-snippet:-1","max-image-preview":"max-image-preview:large","max-video-preview":"max-video-preview:-1"},"canonical":"https:\/\/www.gaapex.ch\/de\/due-diligence\/","og_locale":"de_DE","og_type":"article","og_title":"Due Diligence","og_description":"Sie m\u00f6chten in ein Unternehmen investieren? Wir unterst\u00fctzen Sie bei der Durchf\u00fchrung einer finanziellen Sorgfaltspr\u00fcfung (Due Diligence) des von Ihnen anvisierten Unternehmens.","og_url":"https:\/\/www.gaapex.ch\/de\/due-diligence\/","og_site_name":"Treuhand Gaapex, Z\u00fcrich, Bern, Lausanne","article_publisher":"https:\/\/www.facebook.com\/gaapex.ch","article_modified_time":"2020-12-01T20:35:30+00:00","twitter_card":"summary_large_image","twitter_site":"@Gaapex","twitter_misc":{"Gesch\u00e4tzte Lesezeit":"4\u00a0Minuten"},"schema":{"@context":"https:\/\/schema.org","@graph":[{"@type":"WebPage","@id":"https:\/\/www.gaapex.ch\/de\/due-diligence\/","url":"https:\/\/www.gaapex.ch\/de\/due-diligence\/","name":"Due Diligence - Treuhand Gaapex, Z\u00fcrich, Bern, Lausanne","isPartOf":{"@id":"https:\/\/www.gaapex.ch\/de\/#website"},"datePublished":"2020-12-01T14:22:55+00:00","dateModified":"2020-12-01T20:35:30+00:00","description":"Sie m\u00f6chten in ein Unternehmen investieren? Wir unterst\u00fctzen Sie bei der Durchf\u00fchrung einer finanziellen Sorgfaltspr\u00fcfung (Due Diligence) des von Ihnen anvisierten Unternehmens.","breadcrumb":{"@id":"https:\/\/www.gaapex.ch\/de\/due-diligence\/#breadcrumb"},"inLanguage":"de","potentialAction":[{"@type":"ReadAction","target":["https:\/\/www.gaapex.ch\/de\/due-diligence\/"]}]},{"@type":"BreadcrumbList","@id":"https:\/\/www.gaapex.ch\/de\/due-diligence\/#breadcrumb","itemListElement":[{"@type":"ListItem","position":1,"name":"Accueil","item":"https:\/\/www.gaapex.ch\/de\/"},{"@type":"ListItem","position":2,"name":"Due Diligence"}]},{"@type":"WebSite","@id":"https:\/\/www.gaapex.ch\/de\/#website","url":"https:\/\/www.gaapex.ch\/de\/","name":"Treuhand Gaapex, Z\u00fcrich, Bern, Lausanne","description":"Comptabilit\u00e9, fiscalit\u00e9 et finance","potentialAction":[{"@type":"SearchAction","target":{"@type":"EntryPoint","urlTemplate":"https:\/\/www.gaapex.ch\/de\/?s={search_term_string}"},"query-input":{"@type":"PropertyValueSpecification","valueRequired":true,"valueName":"search_term_string"}}],"inLanguage":"de"}]}},"_links":{"self":[{"href":"https:\/\/www.gaapex.ch\/de\/wp-json\/wp\/v2\/pages\/1781","targetHints":{"allow":["GET"]}}],"collection":[{"href":"https:\/\/www.gaapex.ch\/de\/wp-json\/wp\/v2\/pages"}],"about":[{"href":"https:\/\/www.gaapex.ch\/de\/wp-json\/wp\/v2\/types\/page"}],"author":[{"embeddable":true,"href":"https:\/\/www.gaapex.ch\/de\/wp-json\/wp\/v2\/users\/1"}],"replies":[{"embeddable":true,"href":"https:\/\/www.gaapex.ch\/de\/wp-json\/wp\/v2\/comments?post=1781"}],"version-history":[{"count":0,"href":"https:\/\/www.gaapex.ch\/de\/wp-json\/wp\/v2\/pages\/1781\/revisions"}],"wp:attachment":[{"href":"https:\/\/www.gaapex.ch\/de\/wp-json\/wp\/v2\/media?parent=1781"}],"curies":[{"name":"wp","href":"https:\/\/api.w.org\/{rel}","templated":true}]}}