{"id":1801,"date":"2020-12-01T15:23:43","date_gmt":"2020-12-01T14:23:43","guid":{"rendered":"https:\/\/www.gaapex.ch\/termin\/"},"modified":"2023-11-02T00:24:07","modified_gmt":"2023-11-01T23:24:07","slug":"termin","status":"publish","type":"page","link":"https:\/\/www.gaapex.ch\/de\/termin\/","title":{"rendered":"Termin"},"content":{"rendered":"<p>[et_pb_section fb_built=&#8220;1&#8243; admin_label=&#8220;Hero&#8220; _builder_version=&#8220;4.16&#8243; background_color=&#8220;rgba(0,0,0,0)&#8220; use_background_color_gradient=&#8220;on&#8220; background_color_gradient_direction=&#8220;90deg&#8220; background_color_gradient_stops=&#8220;#003f6e 0%|rgba(0,63,110,0.3) 100%&#8220; background_color_gradient_overlays_image=&#8220;on&#8220; background_color_gradient_start=&#8220;#003f6e&#8220; background_color_gradient_end=&#8220;rgba(0,63,110,0.3)&#8220; background_image=&#8220;https:\/\/www.gaapex.ch\/wp-content\/uploads\/2020\/10\/AdobeStock_374526203-scaled.jpeg&#8220; custom_padding=&#8220;|||&#8220; global_colors_info=&#8220;{}&#8220;][et_pb_row _builder_version=&#8220;4.16&#8243; background_size=&#8220;initial&#8220; background_position=&#8220;top_left&#8220; background_repeat=&#8220;repeat&#8220; custom_padding=&#8220;27px|0px|27px|0px|false|false&#8220; global_colors_info=&#8220;{}&#8220;][et_pb_column type=&#8220;4_4&#8243; _builder_version=&#8220;4.16&#8243; custom_padding=&#8220;|||&#8220; global_colors_info=&#8220;{}&#8220; custom_padding__hover=&#8220;|||&#8220;][et_pb_text _builder_version=&#8220;4.16&#8243; text_font=&#8220;||||||||&#8220; text_font_size=&#8220;20px&#8220; text_line_height=&#8220;1.8em&#8220; header_font=&#8220;Open Sans|800|||||||&#8220; header_font_size=&#8220;60px&#8220; header_line_height=&#8220;1.3em&#8220; background_size=&#8220;initial&#8220; background_position=&#8220;top_left&#8220; background_repeat=&#8220;repeat&#8220; background_layout=&#8220;dark&#8220; max_width=&#8220;600px&#8220; max_width_tablet=&#8220;&#8220; max_width_phone=&#8220;100%&#8220; max_width_last_edited=&#8220;on|phone&#8220; custom_margin=&#8220;|-487px||||&#8220; custom_margin_tablet=&#8220;|100px||&#8220; custom_margin_phone=&#8220;|30px||&#8220; custom_margin_last_edited=&#8220;off|desktop&#8220; custom_padding=&#8220;|0px||||&#8220; header_font_size_tablet=&#8220;50px&#8220; header_font_size_phone=&#8220;40px&#8220; header_font_size_last_edited=&#8220;on|phone&#8220; header_line_height_tablet=&#8220;&#8220; header_line_height_phone=&#8220;&#8220; header_line_height_last_edited=&#8220;on|desktop&#8220; global_colors_info=&#8220;{}&#8220;]<\/p>\n<h1>Termin<\/h1>\n<p>Vereinbaren Sie ein pers\u00f6nliches Treffen oder ein Web-Meeting mit uns.<\/p>\n<p>[\/et_pb_text][\/et_pb_column][\/et_pb_row][\/et_pb_section][et_pb_section fb_built=&#8220;1&#8243; fullwidth=&#8220;on&#8220; _builder_version=&#8220;4.16&#8243; _module_preset=&#8220;default&#8220; global_colors_info=&#8220;{}&#8220;][et_pb_fullwidth_code _builder_version=&#8220;4.23&#8243; _module_preset=&#8220;default&#8220; hover_enabled=&#8220;0&#8243; global_colors_info=&#8220;{}&#8220; sticky_enabled=&#8220;0&#8243;]<iframe src=\"https:\/\/schedule.gaapex.ch?is_widget=1&#038;view=compact\" style=\"width:100%; height:650px;\" frameborder=\"0\" scrolling=\"yes\"><\/iframe>[\/et_pb_fullwidth_code][\/et_pb_section]<\/p>\n","protected":false},"excerpt":{"rendered":"<p>Termin Vereinbaren Sie ein pers\u00f6nliches Treffen oder ein Web-Meeting mit uns.<\/p>\n","protected":false},"author":1,"featured_media":0,"parent":0,"menu_order":0,"comment_status":"closed","ping_status":"closed","template":"","meta":{"_et_pb_use_builder":"on","_et_pb_old_content":"","_et_gb_content_width":"","footnotes":""},"class_list":["post-1801","page","type-page","status-publish","hentry"],"yoast_head":"<!-- This site is optimized with the Yoast SEO Premium plugin v27.4 (Yoast SEO v27.4) - https:\/\/yoast.com\/product\/yoast-seo-premium-wordpress\/ -->\n<title>Termin - Treuhand Gaapex, Z\u00fcrich, Bern, Lausanne<\/title>\n<meta name=\"description\" content=\"Vereinbaren Sie online einen kostenlosen Termin mit unseren Wirtschaftspr\u00fcfern und -pr\u00fcferinnen, um Ihre Bed\u00fcrfnisse zu analysieren.\" \/>\n<meta name=\"robots\" content=\"index, follow, max-snippet:-1, max-image-preview:large, max-video-preview:-1\" \/>\n<link rel=\"canonical\" href=\"https:\/\/www.gaapex.ch\/de\/termin\/\" \/>\n<meta property=\"og:locale\" content=\"de_DE\" \/>\n<meta property=\"og:type\" content=\"article\" \/>\n<meta property=\"og:title\" content=\"Termin\" \/>\n<meta property=\"og:description\" content=\"Vereinbaren Sie online einen kostenlosen Termin mit unseren Wirtschaftspr\u00fcfern und -pr\u00fcferinnen, um Ihre Bed\u00fcrfnisse zu analysieren.\" \/>\n<meta property=\"og:url\" content=\"https:\/\/www.gaapex.ch\/de\/termin\/\" \/>\n<meta property=\"og:site_name\" content=\"Treuhand Gaapex, Z\u00fcrich, Bern, Lausanne\" \/>\n<meta property=\"article:publisher\" content=\"https:\/\/www.facebook.com\/gaapex.ch\" \/>\n<meta property=\"article:modified_time\" content=\"2023-11-01T23:24:07+00:00\" \/>\n<meta name=\"twitter:card\" content=\"summary_large_image\" \/>\n<meta name=\"twitter:site\" content=\"@Gaapex\" \/>\n<meta name=\"twitter:label1\" content=\"Gesch\u00e4tzte Lesezeit\" \/>\n\t<meta name=\"twitter:data1\" content=\"1\u00a0Minute\" \/>\n<script type=\"application\/ld+json\" class=\"yoast-schema-graph\">{\"@context\":\"https:\\\/\\\/schema.org\",\"@graph\":[{\"@type\":\"WebPage\",\"@id\":\"https:\\\/\\\/www.gaapex.ch\\\/de\\\/termin\\\/\",\"url\":\"https:\\\/\\\/www.gaapex.ch\\\/de\\\/termin\\\/\",\"name\":\"Termin - Treuhand Gaapex, Z\u00fcrich, Bern, Lausanne\",\"isPartOf\":{\"@id\":\"https:\\\/\\\/www.gaapex.ch\\\/de\\\/#website\"},\"datePublished\":\"2020-12-01T14:23:43+00:00\",\"dateModified\":\"2023-11-01T23:24:07+00:00\",\"description\":\"Vereinbaren Sie online einen kostenlosen Termin mit unseren Wirtschaftspr\u00fcfern und -pr\u00fcferinnen, um Ihre Bed\u00fcrfnisse zu analysieren.\",\"breadcrumb\":{\"@id\":\"https:\\\/\\\/www.gaapex.ch\\\/de\\\/termin\\\/#breadcrumb\"},\"inLanguage\":\"de\",\"potentialAction\":[{\"@type\":\"ReadAction\",\"target\":[\"https:\\\/\\\/www.gaapex.ch\\\/de\\\/termin\\\/\"]}]},{\"@type\":\"BreadcrumbList\",\"@id\":\"https:\\\/\\\/www.gaapex.ch\\\/de\\\/termin\\\/#breadcrumb\",\"itemListElement\":[{\"@type\":\"ListItem\",\"position\":1,\"name\":\"Accueil\",\"item\":\"https:\\\/\\\/www.gaapex.ch\\\/de\\\/\"},{\"@type\":\"ListItem\",\"position\":2,\"name\":\"Termin\"}]},{\"@type\":\"WebSite\",\"@id\":\"https:\\\/\\\/www.gaapex.ch\\\/de\\\/#website\",\"url\":\"https:\\\/\\\/www.gaapex.ch\\\/de\\\/\",\"name\":\"Treuhand Gaapex, Z\u00fcrich, Bern, Lausanne\",\"description\":\"Comptabilit\u00e9, fiscalit\u00e9 et finance\",\"potentialAction\":[{\"@type\":\"SearchAction\",\"target\":{\"@type\":\"EntryPoint\",\"urlTemplate\":\"https:\\\/\\\/www.gaapex.ch\\\/de\\\/?s={search_term_string}\"},\"query-input\":{\"@type\":\"PropertyValueSpecification\",\"valueRequired\":true,\"valueName\":\"search_term_string\"}}],\"inLanguage\":\"de\"}]}<\/script>\n<!-- \/ Yoast SEO Premium plugin. -->","yoast_head_json":{"title":"Termin - Treuhand Gaapex, Z\u00fcrich, Bern, Lausanne","description":"Vereinbaren Sie online einen kostenlosen Termin mit unseren Wirtschaftspr\u00fcfern und -pr\u00fcferinnen, um Ihre Bed\u00fcrfnisse zu analysieren.","robots":{"index":"index","follow":"follow","max-snippet":"max-snippet:-1","max-image-preview":"max-image-preview:large","max-video-preview":"max-video-preview:-1"},"canonical":"https:\/\/www.gaapex.ch\/de\/termin\/","og_locale":"de_DE","og_type":"article","og_title":"Termin","og_description":"Vereinbaren Sie online einen kostenlosen Termin mit unseren Wirtschaftspr\u00fcfern und -pr\u00fcferinnen, um Ihre Bed\u00fcrfnisse zu analysieren.","og_url":"https:\/\/www.gaapex.ch\/de\/termin\/","og_site_name":"Treuhand Gaapex, Z\u00fcrich, Bern, Lausanne","article_publisher":"https:\/\/www.facebook.com\/gaapex.ch","article_modified_time":"2023-11-01T23:24:07+00:00","twitter_card":"summary_large_image","twitter_site":"@Gaapex","twitter_misc":{"Gesch\u00e4tzte Lesezeit":"1\u00a0Minute"},"schema":{"@context":"https:\/\/schema.org","@graph":[{"@type":"WebPage","@id":"https:\/\/www.gaapex.ch\/de\/termin\/","url":"https:\/\/www.gaapex.ch\/de\/termin\/","name":"Termin - Treuhand Gaapex, Z\u00fcrich, Bern, Lausanne","isPartOf":{"@id":"https:\/\/www.gaapex.ch\/de\/#website"},"datePublished":"2020-12-01T14:23:43+00:00","dateModified":"2023-11-01T23:24:07+00:00","description":"Vereinbaren Sie online einen kostenlosen Termin mit unseren Wirtschaftspr\u00fcfern und -pr\u00fcferinnen, um Ihre Bed\u00fcrfnisse zu analysieren.","breadcrumb":{"@id":"https:\/\/www.gaapex.ch\/de\/termin\/#breadcrumb"},"inLanguage":"de","potentialAction":[{"@type":"ReadAction","target":["https:\/\/www.gaapex.ch\/de\/termin\/"]}]},{"@type":"BreadcrumbList","@id":"https:\/\/www.gaapex.ch\/de\/termin\/#breadcrumb","itemListElement":[{"@type":"ListItem","position":1,"name":"Accueil","item":"https:\/\/www.gaapex.ch\/de\/"},{"@type":"ListItem","position":2,"name":"Termin"}]},{"@type":"WebSite","@id":"https:\/\/www.gaapex.ch\/de\/#website","url":"https:\/\/www.gaapex.ch\/de\/","name":"Treuhand Gaapex, Z\u00fcrich, Bern, Lausanne","description":"Comptabilit\u00e9, fiscalit\u00e9 et finance","potentialAction":[{"@type":"SearchAction","target":{"@type":"EntryPoint","urlTemplate":"https:\/\/www.gaapex.ch\/de\/?s={search_term_string}"},"query-input":{"@type":"PropertyValueSpecification","valueRequired":true,"valueName":"search_term_string"}}],"inLanguage":"de"}]}},"_links":{"self":[{"href":"https:\/\/www.gaapex.ch\/de\/wp-json\/wp\/v2\/pages\/1801","targetHints":{"allow":["GET"]}}],"collection":[{"href":"https:\/\/www.gaapex.ch\/de\/wp-json\/wp\/v2\/pages"}],"about":[{"href":"https:\/\/www.gaapex.ch\/de\/wp-json\/wp\/v2\/types\/page"}],"author":[{"embeddable":true,"href":"https:\/\/www.gaapex.ch\/de\/wp-json\/wp\/v2\/users\/1"}],"replies":[{"embeddable":true,"href":"https:\/\/www.gaapex.ch\/de\/wp-json\/wp\/v2\/comments?post=1801"}],"version-history":[{"count":3,"href":"https:\/\/www.gaapex.ch\/de\/wp-json\/wp\/v2\/pages\/1801\/revisions"}],"predecessor-version":[{"id":3091,"href":"https:\/\/www.gaapex.ch\/de\/wp-json\/wp\/v2\/pages\/1801\/revisions\/3091"}],"wp:attachment":[{"href":"https:\/\/www.gaapex.ch\/de\/wp-json\/wp\/v2\/media?parent=1801"}],"curies":[{"name":"wp","href":"https:\/\/api.w.org\/{rel}","templated":true}]}}