{"id":1438,"date":"2020-11-16T15:47:58","date_gmt":"2020-11-16T14:47:58","guid":{"rendered":"https:\/\/www.gaapex.ch\/due-diligence\/"},"modified":"2020-11-19T09:42:48","modified_gmt":"2020-11-19T08:42:48","slug":"due-diligence","status":"publish","type":"page","link":"https:\/\/www.gaapex.ch\/en\/due-diligence\/","title":{"rendered":"Due diligence"},"content":{"rendered":"<p>[et_pb_section fb_built=&#8221;1&#8243; admin_label=&#8221;Hero&#8221; _builder_version=&#8221;4.7.2&#8243; background_color=&#8221;rgba(0,0,0,0)&#8221; use_background_color_gradient=&#8221;on&#8221; background_color_gradient_start=&#8221;#003f6e&#8221; background_color_gradient_end=&#8221;rgba(0,63,110,0.3)&#8221; background_color_gradient_direction=&#8221;90deg&#8221; background_color_gradient_overlays_image=&#8221;on&#8221; background_image=&#8221;https:\/\/www.gaapex.ch\/wp-content\/uploads\/2020\/10\/AdobeStock_328032850-scaled.jpeg&#8221; custom_padding=&#8221;|||&#8221; hover_enabled=&#8221;0&#8243; sticky_enabled=&#8221;0&#8243;][et_pb_row _builder_version=&#8221;3.25&#8243; background_size=&#8221;initial&#8221; background_position=&#8221;top_left&#8221; background_repeat=&#8221;repeat&#8221; custom_padding=&#8221;27px|0px|27px|0px|false|false&#8221;][et_pb_column type=&#8221;4_4&#8243; _builder_version=&#8221;3.25&#8243; custom_padding=&#8221;|||&#8221; custom_padding__hover=&#8221;|||&#8221;][et_pb_text _builder_version=&#8221;4.6.5&#8243; text_font=&#8221;||||||||&#8221; text_font_size=&#8221;20px&#8221; text_line_height=&#8221;1.8em&#8221; header_font=&#8221;Open Sans|800|||||||&#8221; header_font_size=&#8221;60px&#8221; header_line_height=&#8221;1.3em&#8221; background_size=&#8221;initial&#8221; background_position=&#8221;top_left&#8221; background_repeat=&#8221;repeat&#8221; background_layout=&#8221;dark&#8221; max_width=&#8221;600px&#8221; max_width_tablet=&#8221;&#8221; max_width_phone=&#8221;100%&#8221; max_width_last_edited=&#8221;on|phone&#8221; custom_margin=&#8221;|-492px||||&#8221; custom_margin_tablet=&#8221;|100px||&#8221; custom_margin_phone=&#8221;|30px||&#8221; custom_margin_last_edited=&#8221;off|desktop&#8221; custom_padding=&#8221;|0px||||&#8221; header_font_size_tablet=&#8221;50px&#8221; header_font_size_phone=&#8221;40px&#8221; header_font_size_last_edited=&#8221;on|phone&#8221; header_line_height_tablet=&#8221;&#8221; header_line_height_phone=&#8221;&#8221; header_line_height_last_edited=&#8221;on|desktop&#8221;]<\/p>\n<h1>Due diligence<\/h1>\n<p>Are you considering buying a company? We can offer you our expertise, especially when it comes to the due diligence process.<\/p>\n<p>[\/et_pb_text][\/et_pb_column][\/et_pb_row][\/et_pb_section][et_pb_section fb_built=&#8221;1&#8243; _builder_version=&#8221;4.5.1&#8243; _module_preset=&#8221;default&#8221;][et_pb_row column_structure=&#8221;1_2,1_2&#8243; _builder_version=&#8221;4.5.1&#8243; _module_preset=&#8221;default&#8221;][et_pb_column type=&#8221;1_2&#8243; _builder_version=&#8221;4.5.1&#8243; _module_preset=&#8221;default&#8221;][et_pb_text _builder_version=&#8221;4.6.5&#8243; header_font=&#8221;||||||||&#8221; header_2_font=&#8221;Montserrat|700||on|||||&#8221; header_2_text_color=&#8221;#003f6e&#8221; header_2_font_size=&#8221;20px&#8221; header_2_letter_spacing=&#8221;1px&#8221; header_3_font=&#8221;||||||||&#8221; header_4_font=&#8221;Montserrat|700||on|||||&#8221; header_4_text_color=&#8221;#003f6e&#8221; header_4_font_size=&#8221;15px&#8221; header_4_letter_spacing=&#8221;2px&#8221; header_4_line_height=&#8221;1.6em&#8221; min_height=&#8221;30px&#8221; custom_margin=&#8221;||3px|||&#8221; locked=&#8221;off&#8221;]<\/p>\n<h2>Due diligence<\/h2>\n<p>[\/et_pb_text][et_pb_text _builder_version=&#8221;4.6.5&#8243; text_font=&#8221;||||||||&#8221; text_font_size=&#8221;16px&#8221; text_line_height=&#8221;1.6em&#8221; header_font=&#8221;||||||||&#8221; header_2_font=&#8221;Montserrat|800|||||||&#8221; header_2_font_size=&#8221;30px&#8221; header_2_line_height=&#8221;1.5em&#8221; header_3_font=&#8221;||||||||&#8221; header_4_font=&#8221;||||||||&#8221; min_height=&#8221;235px&#8221; custom_margin=&#8221;||||false|false&#8221; custom_padding=&#8221;20px||||false|false&#8221; header_2_font_size_tablet=&#8221;30px&#8221; header_2_font_size_phone=&#8221;20px&#8221; header_2_font_size_last_edited=&#8221;on|phone&#8221; border_color_all=&#8221;#12eaa6&#8243; border_width_top=&#8221;2px&#8221; border_color_top=&#8221;#003f6e&#8221; locked=&#8221;off&#8221;]<\/p>\n<p>Financial due diligence is a fundamental step when it comes to the potential acquisition of a company. It enables the prospective buyer to weigh up the possible risks it might face, especially the tax risks. The due diligence process enables the parties to base their decision on specific and reliable information and to take the risks into account when setting the purchase\/selling price.<\/p>\n<p>Gaapex can provide you with expertise and assistance, especially in the following areas:<\/p>\n<p>&nbsp;<\/p>\n<ul>\n<li>Analysis of accounting information, reconciliations and financial statements<\/li>\n<li>Review of tax data and identification of risks<\/li>\n<li>Analysis of budgets and financial forecasts<\/li>\n<li>Review of the capital structure<\/li>\n<li>Review of accounting practices<\/li>\n<li>Analysis of the internal control system<\/li>\n<li>Reconciliation from Swiss financial statements to IFRS or U.S. GAAP for analytical purposes.<\/li>\n<\/ul>\n<p>[\/et_pb_text][\/et_pb_column][et_pb_column type=&#8221;1_2&#8243; _builder_version=&#8221;4.5.1&#8243; _module_preset=&#8221;default&#8221;][et_pb_text _builder_version=&#8221;4.6.5&#8243; header_font=&#8221;||||||||&#8221; header_2_font=&#8221;Montserrat|700||on|||||&#8221; header_2_text_color=&#8221;#003f6e&#8221; header_2_font_size=&#8221;20px&#8221; header_2_letter_spacing=&#8221;1px&#8221; header_3_font=&#8221;||||||||&#8221; header_4_font=&#8221;Montserrat|700||on|||||&#8221; header_4_text_color=&#8221;#003f6e&#8221; header_4_font_size=&#8221;15px&#8221; header_4_letter_spacing=&#8221;2px&#8221; header_4_line_height=&#8221;1.6em&#8221; min_height=&#8221;30px&#8221; custom_margin=&#8221;||3px|||&#8221; locked=&#8221;off&#8221;][\/et_pb_text][et_pb_image src=&#8221;https:\/\/www.gaapex.ch\/wp-content\/uploads\/2020\/08\/due-diligence.jpg&#8221; title_text=&#8221;due-diligence&#8221; _builder_version=&#8221;4.7.2&#8243; _module_preset=&#8221;default&#8221; custom_margin=&#8221;||||false|false&#8221; custom_padding=&#8221;20px||||false|false&#8221; hover_enabled=&#8221;0&#8243; sticky_enabled=&#8221;0&#8243;][\/et_pb_image][\/et_pb_column][\/et_pb_row][\/et_pb_section][et_pb_section fb_built=&#8221;1&#8243; _builder_version=&#8221;4.5.1&#8243; _module_preset=&#8221;default&#8221; background_color=&#8221;#003f6e&#8221;][et_pb_row _builder_version=&#8221;4.5.1&#8243; _module_preset=&#8221;default&#8221;][et_pb_column type=&#8221;4_4&#8243; _builder_version=&#8221;4.5.1&#8243; _module_preset=&#8221;default&#8221;][et_pb_text _builder_version=&#8221;4.5.2&#8243; _module_preset=&#8221;default&#8221; text_text_color=&#8221;#003f6e&#8221; header_3_text_color=&#8221;#ffffff&#8221;]<\/p>\n<h3 style=\"text-align: center;\">Do you need an expert accountant for financial due diligence?<\/h3>\n<p>[\/et_pb_text][\/et_pb_column][\/et_pb_row][et_pb_row _builder_version=&#8221;4.5.1&#8243; _module_preset=&#8221;default&#8221;][et_pb_column type=&#8221;4_4&#8243; _builder_version=&#8221;4.5.1&#8243; _module_preset=&#8221;default&#8221;][et_pb_button button_url=&#8221;@ET-DC@eyJkeW5hbWljIjp0cnVlLCJjb250ZW50IjoicG9zdF9saW5rX3VybF9wYWdlIiwic2V0dGluZ3MiOnsicG9zdF9pZCI6IjExNjQifX0=@&#8221; button_text=&#8221;Contact us&#8221; button_alignment=&#8221;center&#8221; _builder_version=&#8221;4.6.6&#8243; _dynamic_attributes=&#8221;button_url&#8221; _module_preset=&#8221;default&#8221; custom_button=&#8221;on&#8221; button_text_size=&#8221;15px&#8221; button_text_color=&#8221;#ffffff&#8221; button_bg_color=&#8221;#003f6e&#8221; button_border_radius=&#8221;9px&#8221; button_letter_spacing=&#8221;2px&#8221; button_font=&#8221;|700||on|||||&#8221; button_use_icon=&#8221;off&#8221; custom_padding=&#8221;16px|32px|16px|32px|false|false&#8221; button_bg_color__hover_enabled=&#8221;on|hover&#8221; button_bg_color__hover=&#8221;#007fe0&#8243; button_bg_enable_color__hover=&#8221;on&#8221;][\/et_pb_button][\/et_pb_column][\/et_pb_row][\/et_pb_section]<\/p>\n","protected":false},"excerpt":{"rendered":"<p>Due diligence Are you considering buying a company? We can offer you our expertise, especially when it comes to the due diligence process.Due diligenceFinancial due diligence is a fundamental step when it comes to the potential acquisition of a company. It enables the prospective buyer to weigh up the possible risks it might face, especially [&hellip;]<\/p>\n","protected":false},"author":1,"featured_media":0,"parent":0,"menu_order":0,"comment_status":"closed","ping_status":"closed","template":"","meta":{"_et_pb_use_builder":"on","_et_pb_old_content":"","_et_gb_content_width":"","footnotes":""},"class_list":["post-1438","page","type-page","status-publish","hentry"],"yoast_head":"<!-- This site is optimized with the Yoast SEO Premium plugin v27.4 (Yoast SEO v27.4) - https:\/\/yoast.com\/product\/yoast-seo-premium-wordpress\/ -->\n<title>Due diligence - Accounting firm Gaapex, Lausanne, Z\u00fcrich, Berne, Switzerland<\/title>\n<meta name=\"description\" content=\"Are you considering investing in a company? We can help you with the financial due diligence.\" \/>\n<meta name=\"robots\" content=\"index, follow, max-snippet:-1, max-image-preview:large, max-video-preview:-1\" \/>\n<link rel=\"canonical\" href=\"https:\/\/www.gaapex.ch\/en\/due-diligence\/\" \/>\n<meta property=\"og:locale\" content=\"en_US\" \/>\n<meta property=\"og:type\" content=\"article\" \/>\n<meta property=\"og:title\" content=\"Due diligence\" \/>\n<meta property=\"og:description\" content=\"Are you considering investing in a company? We can help you with the financial due diligence.\" \/>\n<meta property=\"og:url\" content=\"https:\/\/www.gaapex.ch\/en\/due-diligence\/\" \/>\n<meta property=\"og:site_name\" content=\"Accounting firm Gaapex, Lausanne, Z\u00fcrich, Berne, Switzerland\" \/>\n<meta property=\"article:publisher\" content=\"https:\/\/www.facebook.com\/gaapex.ch\" \/>\n<meta property=\"article:modified_time\" content=\"2020-11-19T08:42:48+00:00\" \/>\n<meta name=\"twitter:card\" content=\"summary_large_image\" \/>\n<meta name=\"twitter:site\" content=\"@Gaapex\" \/>\n<meta name=\"twitter:label1\" content=\"Est. reading time\" \/>\n\t<meta name=\"twitter:data1\" content=\"4 minutes\" \/>\n<script type=\"application\/ld+json\" class=\"yoast-schema-graph\">{\"@context\":\"https:\\\/\\\/schema.org\",\"@graph\":[{\"@type\":\"WebPage\",\"@id\":\"https:\\\/\\\/www.gaapex.ch\\\/en\\\/due-diligence\\\/\",\"url\":\"https:\\\/\\\/www.gaapex.ch\\\/en\\\/due-diligence\\\/\",\"name\":\"Due diligence - Accounting firm Gaapex, Lausanne, Z\u00fcrich, Berne, Switzerland\",\"isPartOf\":{\"@id\":\"https:\\\/\\\/www.gaapex.ch\\\/en\\\/#website\"},\"datePublished\":\"2020-11-16T14:47:58+00:00\",\"dateModified\":\"2020-11-19T08:42:48+00:00\",\"description\":\"Are you considering investing in a company? We can help you with the financial due diligence.\",\"breadcrumb\":{\"@id\":\"https:\\\/\\\/www.gaapex.ch\\\/en\\\/due-diligence\\\/#breadcrumb\"},\"inLanguage\":\"en-US\",\"potentialAction\":[{\"@type\":\"ReadAction\",\"target\":[\"https:\\\/\\\/www.gaapex.ch\\\/en\\\/due-diligence\\\/\"]}]},{\"@type\":\"BreadcrumbList\",\"@id\":\"https:\\\/\\\/www.gaapex.ch\\\/en\\\/due-diligence\\\/#breadcrumb\",\"itemListElement\":[{\"@type\":\"ListItem\",\"position\":1,\"name\":\"Accueil\",\"item\":\"https:\\\/\\\/www.gaapex.ch\\\/en\\\/\"},{\"@type\":\"ListItem\",\"position\":2,\"name\":\"Due diligence\"}]},{\"@type\":\"WebSite\",\"@id\":\"https:\\\/\\\/www.gaapex.ch\\\/en\\\/#website\",\"url\":\"https:\\\/\\\/www.gaapex.ch\\\/en\\\/\",\"name\":\"Accounting firm Gaapex, Lausanne, Z\u00fcrich, Berne, Switzerland\",\"description\":\"Comptabilit\u00e9, fiscalit\u00e9 et finance\",\"potentialAction\":[{\"@type\":\"SearchAction\",\"target\":{\"@type\":\"EntryPoint\",\"urlTemplate\":\"https:\\\/\\\/www.gaapex.ch\\\/en\\\/?s={search_term_string}\"},\"query-input\":{\"@type\":\"PropertyValueSpecification\",\"valueRequired\":true,\"valueName\":\"search_term_string\"}}],\"inLanguage\":\"en-US\"}]}<\/script>\n<!-- \/ Yoast SEO Premium plugin. -->","yoast_head_json":{"title":"Due diligence - Accounting firm Gaapex, Lausanne, Z\u00fcrich, Berne, Switzerland","description":"Are you considering investing in a company? We can help you with the financial due diligence.","robots":{"index":"index","follow":"follow","max-snippet":"max-snippet:-1","max-image-preview":"max-image-preview:large","max-video-preview":"max-video-preview:-1"},"canonical":"https:\/\/www.gaapex.ch\/en\/due-diligence\/","og_locale":"en_US","og_type":"article","og_title":"Due diligence","og_description":"Are you considering investing in a company? We can help you with the financial due diligence.","og_url":"https:\/\/www.gaapex.ch\/en\/due-diligence\/","og_site_name":"Accounting firm Gaapex, Lausanne, Z\u00fcrich, Berne, Switzerland","article_publisher":"https:\/\/www.facebook.com\/gaapex.ch","article_modified_time":"2020-11-19T08:42:48+00:00","twitter_card":"summary_large_image","twitter_site":"@Gaapex","twitter_misc":{"Est. reading time":"4 minutes"},"schema":{"@context":"https:\/\/schema.org","@graph":[{"@type":"WebPage","@id":"https:\/\/www.gaapex.ch\/en\/due-diligence\/","url":"https:\/\/www.gaapex.ch\/en\/due-diligence\/","name":"Due diligence - Accounting firm Gaapex, Lausanne, Z\u00fcrich, Berne, Switzerland","isPartOf":{"@id":"https:\/\/www.gaapex.ch\/en\/#website"},"datePublished":"2020-11-16T14:47:58+00:00","dateModified":"2020-11-19T08:42:48+00:00","description":"Are you considering investing in a company? We can help you with the financial due diligence.","breadcrumb":{"@id":"https:\/\/www.gaapex.ch\/en\/due-diligence\/#breadcrumb"},"inLanguage":"en-US","potentialAction":[{"@type":"ReadAction","target":["https:\/\/www.gaapex.ch\/en\/due-diligence\/"]}]},{"@type":"BreadcrumbList","@id":"https:\/\/www.gaapex.ch\/en\/due-diligence\/#breadcrumb","itemListElement":[{"@type":"ListItem","position":1,"name":"Accueil","item":"https:\/\/www.gaapex.ch\/en\/"},{"@type":"ListItem","position":2,"name":"Due diligence"}]},{"@type":"WebSite","@id":"https:\/\/www.gaapex.ch\/en\/#website","url":"https:\/\/www.gaapex.ch\/en\/","name":"Accounting firm Gaapex, Lausanne, Z\u00fcrich, Berne, Switzerland","description":"Comptabilit\u00e9, fiscalit\u00e9 et finance","potentialAction":[{"@type":"SearchAction","target":{"@type":"EntryPoint","urlTemplate":"https:\/\/www.gaapex.ch\/en\/?s={search_term_string}"},"query-input":{"@type":"PropertyValueSpecification","valueRequired":true,"valueName":"search_term_string"}}],"inLanguage":"en-US"}]}},"_links":{"self":[{"href":"https:\/\/www.gaapex.ch\/en\/wp-json\/wp\/v2\/pages\/1438","targetHints":{"allow":["GET"]}}],"collection":[{"href":"https:\/\/www.gaapex.ch\/en\/wp-json\/wp\/v2\/pages"}],"about":[{"href":"https:\/\/www.gaapex.ch\/en\/wp-json\/wp\/v2\/types\/page"}],"author":[{"embeddable":true,"href":"https:\/\/www.gaapex.ch\/en\/wp-json\/wp\/v2\/users\/1"}],"replies":[{"embeddable":true,"href":"https:\/\/www.gaapex.ch\/en\/wp-json\/wp\/v2\/comments?post=1438"}],"version-history":[{"count":0,"href":"https:\/\/www.gaapex.ch\/en\/wp-json\/wp\/v2\/pages\/1438\/revisions"}],"wp:attachment":[{"href":"https:\/\/www.gaapex.ch\/en\/wp-json\/wp\/v2\/media?parent=1438"}],"curies":[{"name":"wp","href":"https:\/\/api.w.org\/{rel}","templated":true}]}}