{"id":1439,"date":"2020-11-16T15:47:58","date_gmt":"2020-11-16T14:47:58","guid":{"rendered":"https:\/\/www.gaapex.ch\/contact\/"},"modified":"2025-10-02T16:47:51","modified_gmt":"2025-10-02T14:47:51","slug":"contact","status":"publish","type":"page","link":"https:\/\/www.gaapex.ch\/en\/contact\/","title":{"rendered":"Contact"},"content":{"rendered":"<p>[et_pb_section fb_built=&#8221;1&#8243; admin_label=&#8221;Hero&#8221; _builder_version=&#8221;4.16&#8243; background_color=&#8221;rgba(0,0,0,0)&#8221; use_background_color_gradient=&#8221;on&#8221; background_color_gradient_direction=&#8221;90deg&#8221; background_color_gradient_stops=&#8221;#003f6e 0%|rgba(0,63,110,0.3) 100%&#8221; background_color_gradient_overlays_image=&#8221;on&#8221; background_color_gradient_start=&#8221;#003f6e&#8221; background_color_gradient_end=&#8221;rgba(0,63,110,0.3)&#8221; background_image=&#8221;https:\/\/www.gaapex.ch\/wp-content\/uploads\/2020\/10\/AdobeStock_355553339-scaled.jpeg&#8221; custom_padding=&#8221;|||&#8221; global_colors_info=&#8221;{}&#8221;][et_pb_row _builder_version=&#8221;4.16&#8243; background_size=&#8221;initial&#8221; background_position=&#8221;top_left&#8221; background_repeat=&#8221;repeat&#8221; custom_padding=&#8221;27px|0px|27px|0px|false|false&#8221; global_colors_info=&#8221;{}&#8221;][et_pb_column type=&#8221;4_4&#8243; _builder_version=&#8221;4.16&#8243; custom_padding=&#8221;|||&#8221; global_colors_info=&#8221;{}&#8221; custom_padding__hover=&#8221;|||&#8221;][et_pb_text _builder_version=&#8221;4.16&#8243; text_font=&#8221;||||||||&#8221; text_font_size=&#8221;20px&#8221; text_line_height=&#8221;1.8em&#8221; header_font=&#8221;Open Sans|800|||||||&#8221; header_font_size=&#8221;60px&#8221; header_line_height=&#8221;1.3em&#8221; background_size=&#8221;initial&#8221; background_position=&#8221;top_left&#8221; background_repeat=&#8221;repeat&#8221; background_layout=&#8221;dark&#8221; max_width=&#8221;600px&#8221; max_width_tablet=&#8221;&#8221; max_width_phone=&#8221;100%&#8221; max_width_last_edited=&#8221;on|phone&#8221; custom_margin=&#8221;|-487px||||&#8221; custom_margin_tablet=&#8221;|100px||&#8221; custom_margin_phone=&#8221;|30px||&#8221; custom_margin_last_edited=&#8221;off|desktop&#8221; custom_padding=&#8221;|0px||||&#8221; header_font_size_tablet=&#8221;50px&#8221; header_font_size_phone=&#8221;40px&#8221; header_font_size_last_edited=&#8221;on|phone&#8221; header_line_height_tablet=&#8221;&#8221; header_line_height_phone=&#8221;&#8221; header_line_height_last_edited=&#8221;on|desktop&#8221; global_colors_info=&#8221;{}&#8221;]<\/p>\n<h1>Contact<\/h1>\n<p><\/p>\n<p>Please feel free to contact us for more detailed information about our services, to obtain advice or request an offer.<\/p>\n<p>[\/et_pb_text][\/et_pb_column][\/et_pb_row][\/et_pb_section][et_pb_section fb_built=&#8221;1&#8243; use_custom_gutter=&#8221;on&#8221; gutter_width=&#8221;1&#8243; specialty=&#8221;on&#8221; background_color_2=&#8221;#003f6e&#8221; bg_img_2=&#8221;https:\/\/www.gaapex.ch\/wp-content\/uploads\/2020\/07\/Accountant-Image-39.png&#8221; padding_top_2=&#8221;60px&#8221; padding_right_1=&#8221;60px&#8221; padding_right_2=&#8221;6%&#8221; padding_bottom_1=&#8221;60px&#8221; padding_bottom_2=&#8221;60px&#8221; padding_left_1=&#8221;10%&#8221; padding_left_2=&#8221;6%&#8221; padding_top_bottom_link_1=&#8221;false&#8221; padding_top_bottom_link_2=&#8221;true&#8221; padding_left_right_link_1=&#8221;false&#8221; padding_left_right_link_2=&#8221;true&#8221; padding_1_tablet=&#8221;|6%||6%&#8221; padding_2_tablet=&#8221;|||||true&#8221; padding_1_phone=&#8221;&#8221; padding_2_phone=&#8221;&#8221; padding_1_last_edited=&#8221;on|phone&#8221; padding_2_last_edited=&#8221;on|tablet&#8221; admin_label=&#8221;What We Do&#8221; module_class=&#8221; et_pb_specialty_fullwidth&#8221; _builder_version=&#8221;4.16&#8243; inner_width=&#8221;100%&#8221; inner_width_tablet=&#8221;100%&#8221; inner_width_phone=&#8221;&#8221; inner_width_last_edited=&#8221;on|desktop&#8221; inner_max_width=&#8221;100%&#8221; inner_max_width_tablet=&#8221;100%&#8221; inner_max_width_phone=&#8221;&#8221; inner_max_width_last_edited=&#8221;on|desktop&#8221; custom_margin=&#8221;||||false|false&#8221; custom_padding=&#8221;30px|0px|0px|0px|false|false&#8221; make_fullwidth=&#8221;on&#8221; locked=&#8221;off&#8221; global_colors_info=&#8221;{}&#8221;][et_pb_column type=&#8221;1_2&#8243; _builder_version=&#8221;4.16&#8243; custom_padding=&#8221;|||&#8221; global_colors_info=&#8221;{}&#8221; padding_tablet=&#8221;|6%||6%&#8221; padding_last_edited=&#8221;on|phone&#8221; custom_padding__hover=&#8221;|||&#8221; padding_phone=&#8221;|6%||6%&#8221;][et_pb_text _builder_version=&#8221;4.16&#8243; text_font=&#8221;Arial||||||||&#8221; header_font=&#8221;||||||||&#8221; header_2_font=&#8221;Montserrat|700||on|||||&#8221; header_2_text_color=&#8221;#003f6e&#8221; header_2_font_size=&#8221;20px&#8221; header_2_letter_spacing=&#8221;1px&#8221; header_3_font=&#8221;||||||||&#8221; header_4_font=&#8221;Montserrat|700||on|||||&#8221; header_4_text_color=&#8221;#003f6e&#8221; header_4_font_size=&#8221;15px&#8221; header_4_letter_spacing=&#8221;2px&#8221; header_4_line_height=&#8221;1.6em&#8221; max_width=&#8221;600px&#8221; max_width_tablet=&#8221;700px&#8221; max_width_phone=&#8221;700px&#8221; max_width_last_edited=&#8221;off|desktop&#8221; custom_margin=&#8221;|||&#8221; custom_margin_tablet=&#8221;|0px||&#8221; custom_margin_phone=&#8221;|0px||&#8221; custom_margin_last_edited=&#8221;off|desktop&#8221; header_2_font_size_tablet=&#8221;30px&#8221; header_2_font_size_last_edited=&#8221;off|desktop&#8221; locked=&#8221;off&#8221; global_colors_info=&#8221;{}&#8221;]<\/p>\n<h2><strong>Our offices<\/strong><\/h2>\n<p>[\/et_pb_text][et_pb_text _builder_version=&#8221;4.16&#8243; text_font=&#8221;Arial||||||||&#8221; text_font_size=&#8221;16px&#8221; text_line_height=&#8221;1.4em&#8221; header_font=&#8221;||||||||&#8221; header_2_font=&#8221;Montserrat|800|||||||&#8221; header_2_font_size=&#8221;30px&#8221; header_2_line_height=&#8221;1.5em&#8221; header_3_font=&#8221;||||||||&#8221; header_4_font=&#8221;||||||||&#8221; max_width=&#8221;520px&#8221; max_width_tablet=&#8221;700px&#8221; max_width_phone=&#8221;700px&#8221; max_width_last_edited=&#8221;off|desktop&#8221; custom_margin=&#8221;||30px|&#8221; custom_margin_tablet=&#8221;|0px||&#8221; custom_margin_phone=&#8221;|0px||&#8221; custom_margin_last_edited=&#8221;off|desktop&#8221; custom_padding=&#8221;20px|||&#8221; header_2_font_size_tablet=&#8221;30px&#8221; header_2_font_size_phone=&#8221;20px&#8221; header_2_font_size_last_edited=&#8221;on|phone&#8221; border_color_all=&#8221;#003f6e&#8221; border_width_top=&#8221;2px&#8221; locked=&#8221;off&#8221; inline_fonts=&#8221;Arial&#8221; global_colors_info=&#8221;{}&#8221;]<\/p>\n<p>Gaapex S\u00e0rl<br \/>Rue du Petit-Ch\u00eane 22<br \/>CH-1003 Lausanne<br \/>Phone: +41 21 552 51 00<br \/>Email: <a href=\"mailto:info@gaapex.ch\">info@gaapex.ch<\/a><\/p>\n<p>[\/et_pb_text][et_pb_text _builder_version=&#8221;4.27.4&#8243; text_font=&#8221;Arial||||||||&#8221; text_font_size=&#8221;16px&#8221; text_line_height=&#8221;1.4em&#8221; header_font=&#8221;||||||||&#8221; header_2_font=&#8221;Montserrat|800|||||||&#8221; header_2_font_size=&#8221;30px&#8221; header_2_line_height=&#8221;1.5em&#8221; header_3_font=&#8221;||||||||&#8221; header_4_font=&#8221;||||||||&#8221; max_width=&#8221;520px&#8221; max_width_tablet=&#8221;700px&#8221; max_width_phone=&#8221;700px&#8221; max_width_last_edited=&#8221;off|desktop&#8221; custom_margin=&#8221;||30px|&#8221; custom_margin_tablet=&#8221;|0px||&#8221; custom_margin_phone=&#8221;|0px||&#8221; custom_margin_last_edited=&#8221;off|desktop&#8221; custom_padding=&#8221;20px|||&#8221; header_2_font_size_tablet=&#8221;30px&#8221; header_2_font_size_phone=&#8221;20px&#8221; header_2_font_size_last_edited=&#8221;on|phone&#8221; border_color_all=&#8221;#003f6e&#8221; locked=&#8221;off&#8221; inline_fonts=&#8221;Arial&#8221; global_colors_info=&#8221;{}&#8221;]<\/p>\n<p>Gaapex GmbH<br \/>Hardturmstrasse 161<br \/>CH-8005 Zurich<br \/>Phone: +41 44 552 75 10<br \/>Email: <a href=\"mailto:info@gaapex.ch\">info@gaapex.ch<\/a><\/p>\n<p>[\/et_pb_text][et_pb_text _builder_version=&#8221;4.27.4&#8243; text_font=&#8221;Arial||||||||&#8221; text_font_size=&#8221;16px&#8221; text_line_height=&#8221;1.4em&#8221; header_font=&#8221;||||||||&#8221; header_2_font=&#8221;Montserrat|800|||||||&#8221; header_2_font_size=&#8221;30px&#8221; header_2_line_height=&#8221;1.5em&#8221; header_3_font=&#8221;||||||||&#8221; header_4_font=&#8221;||||||||&#8221; max_width=&#8221;520px&#8221; max_width_tablet=&#8221;700px&#8221; max_width_phone=&#8221;700px&#8221; max_width_last_edited=&#8221;off|desktop&#8221; custom_margin=&#8221;||30px|&#8221; custom_margin_tablet=&#8221;|0px||&#8221; custom_margin_phone=&#8221;|0px||&#8221; custom_margin_last_edited=&#8221;off|desktop&#8221; custom_padding=&#8221;20px|||&#8221; header_2_font_size_tablet=&#8221;30px&#8221; header_2_font_size_phone=&#8221;20px&#8221; header_2_font_size_last_edited=&#8221;on|phone&#8221; border_color_all=&#8221;#003f6e&#8221; locked=&#8221;off&#8221; inline_fonts=&#8221;Arial&#8221; global_colors_info=&#8221;{}&#8221;]<\/p>\n<p>Gaapex GmbH<br \/>Hohle Gasse 4<br \/> CH-3097 Liebefeld<br \/> T\u00e9l.: +41 31 511 23 50<br \/>Email: <a href=\"mailto:info@gaapex.ch\">info@gaapex.ch<\/a><\/p>\n<p>[\/et_pb_text][et_pb_button button_url=&#8221;@ET-DC@eyJkeW5hbWljIjp0cnVlLCJjb250ZW50IjoicG9zdF9saW5rX3VybF9wYWdlIiwic2V0dGluZ3MiOnsicG9zdF9pZCI6IjEyNDcifX0=@&#8221; button_text=&#8221;Online consultation&#8221; button_alignment=&#8221;left&#8221; _builder_version=&#8221;4.16&#8243; _dynamic_attributes=&#8221;button_url&#8221; custom_button=&#8221;on&#8221; button_text_size=&#8221;15px&#8221; button_text_color=&#8221;#ffffff&#8221; button_bg_color=&#8221;#003f6e&#8221; button_border_width=&#8221;0px&#8221; button_border_radius=&#8221;5px&#8221; button_letter_spacing=&#8221;2px&#8221; button_font=&#8221;|700||on|||||&#8221; button_use_icon=&#8221;off&#8221; background_layout=&#8221;dark&#8221; custom_margin=&#8221;||||true&#8221; custom_padding=&#8221;16px|32px|16px|32px|true|true&#8221; button_letter_spacing_hover=&#8221;2px&#8221; button_bg_color_hover=&#8221;#00e2c4&#8243; locked=&#8221;off&#8221; global_colors_info=&#8221;{}&#8221; button_text_size__hover_enabled=&#8221;off&#8221; button_one_text_size__hover_enabled=&#8221;off&#8221; button_two_text_size__hover_enabled=&#8221;off&#8221; button_text_color__hover_enabled=&#8221;off&#8221; button_one_text_color__hover_enabled=&#8221;off&#8221; button_two_text_color__hover_enabled=&#8221;off&#8221; button_border_width__hover_enabled=&#8221;off&#8221; button_one_border_width__hover_enabled=&#8221;off&#8221; button_two_border_width__hover_enabled=&#8221;off&#8221; button_border_color__hover_enabled=&#8221;off&#8221; button_one_border_color__hover_enabled=&#8221;off&#8221; button_two_border_color__hover_enabled=&#8221;off&#8221; button_border_radius__hover_enabled=&#8221;off&#8221; button_one_border_radius__hover_enabled=&#8221;off&#8221; button_two_border_radius__hover_enabled=&#8221;off&#8221; button_letter_spacing__hover_enabled=&#8221;on&#8221; button_letter_spacing__hover=&#8221;2px&#8221; button_one_letter_spacing__hover_enabled=&#8221;off&#8221; button_two_letter_spacing__hover_enabled=&#8221;off&#8221; button_bg_color__hover_enabled=&#8221;on|hover&#8221; button_bg_color__hover=&#8221;#007fe0&#8243; button_one_bg_color__hover_enabled=&#8221;off&#8221; button_two_bg_color__hover_enabled=&#8221;off&#8221; button_bg_enable_color__hover=&#8221;on&#8221;][\/et_pb_button][\/et_pb_column][et_pb_column type=&#8221;1_2&#8243; specialty_columns=&#8221;2&#8243; _builder_version=&#8221;4.16&#8243; background_color=&#8221;#4e7c97&#8243; custom_padding=&#8221;|||&#8221; global_colors_info=&#8221;{}&#8221; padding_tablet=&#8221;|||||true&#8221; padding_last_edited=&#8221;on|tablet&#8221; custom_padding__hover=&#8221;|||&#8221; padding_phone=&#8221;|||||true&#8221;][et_pb_row_inner _builder_version=&#8221;4.16&#8243; custom_padding=&#8221;0px|0px|0|0px|false|false&#8221; global_colors_info=&#8221;{}&#8221;][et_pb_column_inner saved_specialty_column_type=&#8221;1_2&#8243; _builder_version=&#8221;4.16&#8243; custom_padding=&#8221;|||&#8221; global_colors_info=&#8221;{}&#8221; custom_padding__hover=&#8221;|||&#8221;][et_pb_text _builder_version=&#8221;4.16&#8243; text_font=&#8221;Arial||||||||&#8221; header_font=&#8221;||||||||&#8221; header_2_font=&#8221;Montserrat|700||on|||||&#8221; header_2_text_color=&#8221;#ffffff&#8221; header_2_font_size=&#8221;20px&#8221; header_2_letter_spacing=&#8221;1px&#8221; header_3_font=&#8221;||||||||&#8221; header_4_font=&#8221;Montserrat|700||on|||||&#8221; header_4_text_color=&#8221;#ffffff&#8221; header_4_font_size=&#8221;15px&#8221; header_4_letter_spacing=&#8221;2px&#8221; header_4_line_height=&#8221;1.6em&#8221; max_width=&#8221;600px&#8221; custom_margin=&#8221;|||&#8221; border_width_bottom=&#8221;2px&#8221; border_color_bottom=&#8221;#ffffff&#8221; locked=&#8221;off&#8221; global_colors_info=&#8221;{}&#8221;]<\/p>\n<h2>Contact form<\/h2>\n<p>[\/et_pb_text][\/et_pb_column_inner][\/et_pb_row_inner][et_pb_row_inner _builder_version=&#8221;4.16&#8243; _module_preset=&#8221;default&#8221; global_colors_info=&#8221;{}&#8221;][et_pb_column_inner saved_specialty_column_type=&#8221;1_2&#8243; _builder_version=&#8221;4.16&#8243; _module_preset=&#8221;default&#8221; global_colors_info=&#8221;{}&#8221;][et_pb_dcgd_gravity_divi_module gf_form=&#8221;5&#8243; show_title=&#8221;off&#8221; show_description=&#8221;off&#8221; _builder_version=&#8221;4.16&#8243; _module_preset=&#8221;default&#8221; dcgm_form_field_bg_background_color=&#8221;#ffffff&#8221; fontstitle_text_color=&#8221;#ffffff&#8221; fontsformdesc_text_color=&#8221;#ffffff&#8221; fontsformbody_text_color=&#8221;#ffffff&#8221; fontsformelements_text_color=&#8221;#000000&#8243; custom_dcgm_button=&#8221;on&#8221; dcgm_button_text_size=&#8221;15px&#8221; dcgm_button_text_color=&#8221;#ffffff&#8221; dcgm_button_bg_color=&#8221;#003f6e&#8221; dcgm_button_border_color=&#8221;#ffffff&#8221; dcgm_button_border_radius=&#8221;9px&#8221; dcgm_button_letter_spacing=&#8221;2px&#8221; dcgm_button_font=&#8221;|||on|||||&#8221; global_colors_info=&#8221;{}&#8221;][\/et_pb_dcgd_gravity_divi_module][\/et_pb_column_inner][\/et_pb_row_inner][\/et_pb_column][\/et_pb_section][et_pb_section fb_built=&#8221;1&#8243; fullwidth=&#8221;on&#8221; admin_label=&#8221;Map&#8221; _builder_version=&#8221;4.16&#8243; locked=&#8221;off&#8221; global_colors_info=&#8221;{}&#8221;][et_pb_fullwidth_map address=&#8221;22 &#038; Rue du Petit-Ch\u00eane, 1003 Lausanne, Suisse&#8221; zoom_level=&#8221;7&#8243; address_lat=&#8221;46.59383946513&#8243; address_lng=&#8221;6.8955008570313&#8243; mouse_wheel=&#8221;off&#8221; _builder_version=&#8221;4.27.4&#8243; _module_preset=&#8221;default&#8221; child_filter_saturate=&#8221;54%&#8221; hover_enabled=&#8221;0&#8243; global_colors_info=&#8221;{}&#8221; sticky_enabled=&#8221;0&#8243;][et_pb_map_pin title=&#8221;Gaapex S\u00e0rl&#8221; pin_address=&#8221;Rue du Petit-Ch\u00eane 22, 1003 Lausanne, Suisse&#8221; zoom_level=&#8221;6&#8243; pin_address_lat=&#8221;46.518915&#8243; pin_address_lng=&#8221;6.631451&#8243; _builder_version=&#8221;4.5.1&#8243; _module_preset=&#8221;default&#8221; global_colors_info=&#8221;{}&#8221;]<\/p>\n<p>Rue du Petit-Ch\u00eane 22<br \/>CH-1003 Lausanne<br \/>Phone: +41 21 552 51 00<\/p>\n<p>[\/et_pb_map_pin][et_pb_map_pin title=&#8221;Gaapex GmbH&#8221; pin_address=&#8221;Hardturmstrasse 161, 8005 Z\u00fcrich, Suisse&#8221; pin_address_lat=&#8221;47.3936596&#8243; pin_address_lng=&#8221;8.5107617&#8243; _builder_version=&#8221;4.27.4&#8243; _module_preset=&#8221;default&#8221; global_colors_info=&#8221;{}&#8221; hover_enabled=&#8221;0&#8243; sticky_enabled=&#8221;0&#8243; zoom_level=&#8221;16&#8243;]<\/p>\n<p>Gaapex GmbH<br \/> Hardturmstrasse 161<br \/> CH-8005 Z\u00fcrich<br \/>T : +41 44 552 75 10<\/p>\n<p>[\/et_pb_map_pin][et_pb_map_pin title=&#8221;Gaapex GmbH&#8221; pin_address=&#8221;Hohle G. 4, 3097 Liebefeld, Suisse&#8221; pin_address_lat=&#8221;46.9299403&#8243; pin_address_lng=&#8221;7.4292062&#8243; _builder_version=&#8221;4.27.4&#8243; _module_preset=&#8221;default&#8221; global_colors_info=&#8221;{}&#8221; hover_enabled=&#8221;0&#8243; sticky_enabled=&#8221;0&#8243;]<\/p>\n<p>Gaapex GmbH<br \/> Hohle Gasse 4<br \/> CH-3097 Liebefeld<br \/>T : +41 31 511 23 50<\/p>\n<p>[\/et_pb_map_pin][\/et_pb_fullwidth_map][\/et_pb_section]<\/p>\n","protected":false},"excerpt":{"rendered":"<p>ContactPlease feel free to contact us for more detailed information about our services, to obtain advice or request an offer.Our officesGaapex S\u00e0rlRue du Petit-Ch\u00eane 22CH-1003 LausannePhone: +41 21 552 51 00Email: info@gaapex.chGaapex GmbHHardturmstrasse 161CH-8005 ZurichPhone: +41 44 552 75 10Email: info@gaapex.chGaapex GmbHHohle Gasse 4 CH-3097 Liebefeld T\u00e9l.: +41 31 511 23 50Email: info@gaapex.chContact formRue du [&hellip;]<\/p>\n","protected":false},"author":1,"featured_media":0,"parent":0,"menu_order":0,"comment_status":"closed","ping_status":"closed","template":"","meta":{"_et_pb_use_builder":"on","_et_pb_old_content":"","_et_gb_content_width":"","footnotes":""},"class_list":["post-1439","page","type-page","status-publish","hentry"],"yoast_head":"<!-- This site is optimized with the Yoast SEO Premium plugin v27.3 (Yoast SEO v27.3) - https:\/\/yoast.com\/product\/yoast-seo-premium-wordpress\/ -->\n<title>Contact - Accounting firm Gaapex, Lausanne, Z\u00fcrich, Berne, Switzerland<\/title>\n<meta name=\"description\" content=\"Contact us using our contact form or by arranging a consultation directly online.\" \/>\n<meta name=\"robots\" content=\"index, follow, max-snippet:-1, max-image-preview:large, max-video-preview:-1\" \/>\n<link rel=\"canonical\" href=\"https:\/\/www.gaapex.ch\/en\/contact\/\" \/>\n<meta property=\"og:locale\" content=\"en_US\" \/>\n<meta property=\"og:type\" content=\"article\" \/>\n<meta property=\"og:title\" content=\"Contact\" \/>\n<meta property=\"og:description\" content=\"Contact us using our contact form or by arranging a consultation directly online.\" \/>\n<meta property=\"og:url\" content=\"https:\/\/www.gaapex.ch\/en\/contact\/\" \/>\n<meta property=\"og:site_name\" content=\"Accounting firm Gaapex, Lausanne, Z\u00fcrich, Berne, Switzerland\" \/>\n<meta property=\"article:publisher\" content=\"https:\/\/www.facebook.com\/gaapex.ch\" \/>\n<meta property=\"article:modified_time\" content=\"2025-10-02T14:47:51+00:00\" \/>\n<meta name=\"twitter:card\" content=\"summary_large_image\" \/>\n<meta name=\"twitter:site\" content=\"@Gaapex\" \/>\n<meta name=\"twitter:label1\" content=\"Est. reading time\" \/>\n\t<meta name=\"twitter:data1\" content=\"8 minutes\" \/>\n<script type=\"application\/ld+json\" class=\"yoast-schema-graph\">{\"@context\":\"https:\\\/\\\/schema.org\",\"@graph\":[{\"@type\":\"WebPage\",\"@id\":\"https:\\\/\\\/www.gaapex.ch\\\/en\\\/contact\\\/\",\"url\":\"https:\\\/\\\/www.gaapex.ch\\\/en\\\/contact\\\/\",\"name\":\"Contact - Accounting firm Gaapex, Lausanne, Z\u00fcrich, Berne, Switzerland\",\"isPartOf\":{\"@id\":\"https:\\\/\\\/www.gaapex.ch\\\/en\\\/#website\"},\"datePublished\":\"2020-11-16T14:47:58+00:00\",\"dateModified\":\"2025-10-02T14:47:51+00:00\",\"description\":\"Contact us using our contact form or by arranging a consultation directly online.\",\"breadcrumb\":{\"@id\":\"https:\\\/\\\/www.gaapex.ch\\\/en\\\/contact\\\/#breadcrumb\"},\"inLanguage\":\"en-US\",\"potentialAction\":[{\"@type\":\"ReadAction\",\"target\":[\"https:\\\/\\\/www.gaapex.ch\\\/en\\\/contact\\\/\"]}]},{\"@type\":\"BreadcrumbList\",\"@id\":\"https:\\\/\\\/www.gaapex.ch\\\/en\\\/contact\\\/#breadcrumb\",\"itemListElement\":[{\"@type\":\"ListItem\",\"position\":1,\"name\":\"Accueil\",\"item\":\"https:\\\/\\\/www.gaapex.ch\\\/en\\\/\"},{\"@type\":\"ListItem\",\"position\":2,\"name\":\"Contact\"}]},{\"@type\":\"WebSite\",\"@id\":\"https:\\\/\\\/www.gaapex.ch\\\/en\\\/#website\",\"url\":\"https:\\\/\\\/www.gaapex.ch\\\/en\\\/\",\"name\":\"Accounting firm Gaapex, Lausanne, Z\u00fcrich, Berne, Switzerland\",\"description\":\"Comptabilit\u00e9, fiscalit\u00e9 et finance\",\"potentialAction\":[{\"@type\":\"SearchAction\",\"target\":{\"@type\":\"EntryPoint\",\"urlTemplate\":\"https:\\\/\\\/www.gaapex.ch\\\/en\\\/?s={search_term_string}\"},\"query-input\":{\"@type\":\"PropertyValueSpecification\",\"valueRequired\":true,\"valueName\":\"search_term_string\"}}],\"inLanguage\":\"en-US\"}]}<\/script>\n<!-- \/ Yoast SEO Premium plugin. -->","yoast_head_json":{"title":"Contact - Accounting firm Gaapex, Lausanne, Z\u00fcrich, Berne, Switzerland","description":"Contact us using our contact form or by arranging a consultation directly online.","robots":{"index":"index","follow":"follow","max-snippet":"max-snippet:-1","max-image-preview":"max-image-preview:large","max-video-preview":"max-video-preview:-1"},"canonical":"https:\/\/www.gaapex.ch\/en\/contact\/","og_locale":"en_US","og_type":"article","og_title":"Contact","og_description":"Contact us using our contact form or by arranging a consultation directly online.","og_url":"https:\/\/www.gaapex.ch\/en\/contact\/","og_site_name":"Accounting firm Gaapex, Lausanne, Z\u00fcrich, Berne, Switzerland","article_publisher":"https:\/\/www.facebook.com\/gaapex.ch","article_modified_time":"2025-10-02T14:47:51+00:00","twitter_card":"summary_large_image","twitter_site":"@Gaapex","twitter_misc":{"Est. reading time":"8 minutes"},"schema":{"@context":"https:\/\/schema.org","@graph":[{"@type":"WebPage","@id":"https:\/\/www.gaapex.ch\/en\/contact\/","url":"https:\/\/www.gaapex.ch\/en\/contact\/","name":"Contact - Accounting firm Gaapex, Lausanne, Z\u00fcrich, Berne, Switzerland","isPartOf":{"@id":"https:\/\/www.gaapex.ch\/en\/#website"},"datePublished":"2020-11-16T14:47:58+00:00","dateModified":"2025-10-02T14:47:51+00:00","description":"Contact us using our contact form or by arranging a consultation directly online.","breadcrumb":{"@id":"https:\/\/www.gaapex.ch\/en\/contact\/#breadcrumb"},"inLanguage":"en-US","potentialAction":[{"@type":"ReadAction","target":["https:\/\/www.gaapex.ch\/en\/contact\/"]}]},{"@type":"BreadcrumbList","@id":"https:\/\/www.gaapex.ch\/en\/contact\/#breadcrumb","itemListElement":[{"@type":"ListItem","position":1,"name":"Accueil","item":"https:\/\/www.gaapex.ch\/en\/"},{"@type":"ListItem","position":2,"name":"Contact"}]},{"@type":"WebSite","@id":"https:\/\/www.gaapex.ch\/en\/#website","url":"https:\/\/www.gaapex.ch\/en\/","name":"Accounting firm Gaapex, Lausanne, Z\u00fcrich, Berne, Switzerland","description":"Comptabilit\u00e9, fiscalit\u00e9 et finance","potentialAction":[{"@type":"SearchAction","target":{"@type":"EntryPoint","urlTemplate":"https:\/\/www.gaapex.ch\/en\/?s={search_term_string}"},"query-input":{"@type":"PropertyValueSpecification","valueRequired":true,"valueName":"search_term_string"}}],"inLanguage":"en-US"}]}},"_links":{"self":[{"href":"https:\/\/www.gaapex.ch\/en\/wp-json\/wp\/v2\/pages\/1439","targetHints":{"allow":["GET"]}}],"collection":[{"href":"https:\/\/www.gaapex.ch\/en\/wp-json\/wp\/v2\/pages"}],"about":[{"href":"https:\/\/www.gaapex.ch\/en\/wp-json\/wp\/v2\/types\/page"}],"author":[{"embeddable":true,"href":"https:\/\/www.gaapex.ch\/en\/wp-json\/wp\/v2\/users\/1"}],"replies":[{"embeddable":true,"href":"https:\/\/www.gaapex.ch\/en\/wp-json\/wp\/v2\/comments?post=1439"}],"version-history":[{"count":7,"href":"https:\/\/www.gaapex.ch\/en\/wp-json\/wp\/v2\/pages\/1439\/revisions"}],"predecessor-version":[{"id":3503,"href":"https:\/\/www.gaapex.ch\/en\/wp-json\/wp\/v2\/pages\/1439\/revisions\/3503"}],"wp:attachment":[{"href":"https:\/\/www.gaapex.ch\/en\/wp-json\/wp\/v2\/media?parent=1439"}],"curies":[{"name":"wp","href":"https:\/\/api.w.org\/{rel}","templated":true}]}}