{"id":1453,"date":"2020-11-16T15:48:04","date_gmt":"2020-11-16T14:48:04","guid":{"rendered":"https:\/\/www.gaapex.ch\/smes\/"},"modified":"2021-01-05T06:36:05","modified_gmt":"2021-01-05T05:36:05","slug":"smes","status":"publish","type":"page","link":"https:\/\/www.gaapex.ch\/en\/smes\/","title":{"rendered":"SMEs"},"content":{"rendered":"<p>[et_pb_section fb_built=&#8221;1&#8243; admin_label=&#8221;Hero&#8221; _builder_version=&#8221;4.7.2&#8243; background_color=&#8221;rgba(0,0,0,0)&#8221; use_background_color_gradient=&#8221;on&#8221; background_color_gradient_start=&#8221;#003f6e&#8221; background_color_gradient_end=&#8221;rgba(0,63,110,0.3)&#8221; background_color_gradient_direction=&#8221;90deg&#8221; background_color_gradient_overlays_image=&#8221;on&#8221; background_image=&#8221;https:\/\/www.gaapex.ch\/wp-content\/uploads\/2020\/10\/AdobeStock_283573121-scaled.jpeg&#8221; custom_padding=&#8221;|||&#8221; hover_enabled=&#8221;0&#8243; sticky_enabled=&#8221;0&#8243;][et_pb_row _builder_version=&#8221;3.25&#8243; background_size=&#8221;initial&#8221; background_position=&#8221;top_left&#8221; background_repeat=&#8221;repeat&#8221; custom_padding=&#8221;27px|0px|27px|0px|false|false&#8221;][et_pb_column type=&#8221;4_4&#8243; _builder_version=&#8221;3.25&#8243; custom_padding=&#8221;|||&#8221; custom_padding__hover=&#8221;|||&#8221;][et_pb_text _builder_version=&#8221;4.6.6&#8243; text_font=&#8221;||||||||&#8221; text_font_size=&#8221;20px&#8221; text_line_height=&#8221;1.8em&#8221; header_font=&#8221;Open Sans|800|||||||&#8221; header_font_size=&#8221;60px&#8221; header_line_height=&#8221;1.3em&#8221; background_size=&#8221;initial&#8221; background_position=&#8221;top_left&#8221; background_repeat=&#8221;repeat&#8221; background_layout=&#8221;dark&#8221; max_width=&#8221;600px&#8221; max_width_tablet=&#8221;&#8221; max_width_phone=&#8221;100%&#8221; max_width_last_edited=&#8221;on|phone&#8221; custom_margin=&#8221;|-487px||||&#8221; custom_margin_tablet=&#8221;|100px||&#8221; custom_margin_phone=&#8221;|30px||&#8221; custom_margin_last_edited=&#8221;off|desktop&#8221; custom_padding=&#8221;|0px||||&#8221; header_font_size_tablet=&#8221;50px&#8221; header_font_size_phone=&#8221;40px&#8221; header_font_size_last_edited=&#8221;on|phone&#8221; header_line_height_tablet=&#8221;&#8221; header_line_height_phone=&#8221;&#8221; header_line_height_last_edited=&#8221;on|desktop&#8221;]<\/p>\n<h1>Small and mid-sized enterprises<\/h1>\n<p>We offer accounting services for small and mid-sized enterprises. Our expertise includes preparing financial statements in accordance with the Swiss Code of Obligations, Swiss GAAP FER and IFRS. We also prepare consolidated financial statements.<\/p>\n<p><span style=\"font-size: 20px;\">\u00a0<\/span><\/p>\n<p>[\/et_pb_text][\/et_pb_column][\/et_pb_row][\/et_pb_section][et_pb_section fb_built=&#8221;1&#8243; specialty=&#8221;on&#8221; _builder_version=&#8221;4.5.6&#8243; _module_preset=&#8221;default&#8221;][et_pb_column type=&#8221;1_2&#8243; _builder_version=&#8221;3.25&#8243; custom_padding=&#8221;|||&#8221; custom_padding__hover=&#8221;|||&#8221;][et_pb_text _builder_version=&#8221;4.6.6&#8243; header_font=&#8221;||||||||&#8221; header_2_font=&#8221;Montserrat|700||on|||||&#8221; header_2_text_color=&#8221;#003f6e&#8221; header_2_font_size=&#8221;20px&#8221; header_2_letter_spacing=&#8221;1px&#8221; header_3_font=&#8221;||||||||&#8221; header_4_font=&#8221;Montserrat|700||on|||||&#8221; header_4_text_color=&#8221;#003f6e&#8221; header_4_font_size=&#8221;15px&#8221; header_4_letter_spacing=&#8221;2px&#8221; header_4_line_height=&#8221;1.6em&#8221; min_height=&#8221;30px&#8221; custom_margin=&#8221;||3px|||&#8221; locked=&#8221;off&#8221;]<\/p>\n<h2>Our services for SMEs<\/h2>\n<p>[\/et_pb_text][et_pb_text _builder_version=&#8221;4.6.6&#8243; text_font=&#8221;||||||||&#8221; text_font_size=&#8221;16px&#8221; text_line_height=&#8221;2em&#8221; header_font=&#8221;||||||||&#8221; header_2_font=&#8221;Montserrat|800|||||||&#8221; header_2_font_size=&#8221;30px&#8221; header_2_line_height=&#8221;1.5em&#8221; header_3_font=&#8221;||||||||&#8221; header_4_font=&#8221;||||||||&#8221; min_height=&#8221;235px&#8221; custom_margin=&#8221;||||false|false&#8221; custom_padding=&#8221;20px||||false|false&#8221; header_2_font_size_tablet=&#8221;30px&#8221; header_2_font_size_phone=&#8221;20px&#8221; header_2_font_size_last_edited=&#8221;on|phone&#8221; border_color_all=&#8221;#12eaa6&#8243; border_width_top=&#8221;2px&#8221; border_color_top=&#8221;#003f6e&#8221; locked=&#8221;off&#8221;]<\/p>\n<ul>\n<li>Support for your annual account closing process<\/li>\n<li>Preparation of financial statements in accordance with Swiss GAAP FER or IFRS<\/li>\n<li>Preparation of consolidated financial statements<\/li>\n<li>Implementation of analytical accounting<\/li>\n<li>Due diligence<\/li>\n<li>Supplying temporary accounting resources<\/li>\n<\/ul>\n<p>[\/et_pb_text][\/et_pb_column][et_pb_column type=&#8221;1_2&#8243; specialty_columns=&#8221;2&#8243; _builder_version=&#8221;3.25&#8243; custom_padding=&#8221;|||&#8221; custom_padding__hover=&#8221;|||&#8221;][et_pb_row_inner _builder_version=&#8221;4.5.6&#8243; max_width=&#8221;1280px&#8221;][et_pb_column_inner saved_specialty_column_type=&#8221;1_2&#8243; _builder_version=&#8221;3.25&#8243; custom_padding=&#8221;|||&#8221; custom_padding__hover=&#8221;|||&#8221;][et_pb_text _builder_version=&#8221;4.6.5&#8243; header_font=&#8221;||||||||&#8221; header_2_font=&#8221;Montserrat|700||on|||||&#8221; header_2_text_color=&#8221;#003f6e&#8221; header_2_font_size=&#8221;20px&#8221; header_2_letter_spacing=&#8221;1px&#8221; header_3_font=&#8221;||||||||&#8221; header_4_font=&#8221;Montserrat|700||on|||||&#8221; header_4_text_color=&#8221;#003f6e&#8221; header_4_font_size=&#8221;15px&#8221; header_4_letter_spacing=&#8221;2px&#8221; header_4_line_height=&#8221;1.6em&#8221; min_height=&#8221;30px&#8221; custom_margin=&#8221;||3px|||&#8221; locked=&#8221;off&#8221;][\/et_pb_text][et_pb_image src=&#8221;https:\/\/www.gaapex.ch\/wp-content\/uploads\/2020\/11\/Fotolia_141715743_Subscription_Monthly_M.jpg&#8221; _builder_version=&#8221;4.7.2&#8243; _module_preset=&#8221;default&#8221; hover_enabled=&#8221;0&#8243; sticky_enabled=&#8221;0&#8243;][\/et_pb_image][\/et_pb_column_inner][\/et_pb_row_inner][\/et_pb_column][\/et_pb_section][et_pb_section fb_built=&#8221;1&#8243; _builder_version=&#8221;4.5.1&#8243; _module_preset=&#8221;default&#8221; background_color=&#8221;#003f6e&#8221;][et_pb_row _builder_version=&#8221;4.6.6&#8243; _module_preset=&#8221;default&#8221;][et_pb_column type=&#8221;4_4&#8243; _builder_version=&#8221;4.5.1&#8243; _module_preset=&#8221;default&#8221;][et_pb_text _builder_version=&#8221;4.6.6&#8243; _module_preset=&#8221;default&#8221; text_text_color=&#8221;#003f6e&#8221; header_3_text_color=&#8221;#ffffff&#8221;]<\/p>\n<h3 style=\"text-align: center;\"><strong>Don&#8217;t hesitate to discuss your needs.<br \/><\/strong><\/h3>\n<p>[\/et_pb_text][\/et_pb_column][\/et_pb_row][et_pb_row column_structure=&#8221;1_2,1_2&#8243; _builder_version=&#8221;4.5.1&#8243; _module_preset=&#8221;default&#8221;][et_pb_column type=&#8221;1_2&#8243; _builder_version=&#8221;4.5.1&#8243; _module_preset=&#8221;default&#8221;][et_pb_button button_url=&#8221;@ET-DC@eyJkeW5hbWljIjp0cnVlLCJjb250ZW50IjoicG9zdF9saW5rX3VybF9wYWdlIiwic2V0dGluZ3MiOnsicG9zdF9pZCI6IjEyNDcifX0=@&#8221; button_text=&#8221;Online consultation&#8221; button_alignment=&#8221;center&#8221; _builder_version=&#8221;4.6.6&#8243; _dynamic_attributes=&#8221;button_url&#8221; _module_preset=&#8221;default&#8221; custom_button=&#8221;on&#8221; button_text_size=&#8221;15px&#8221; button_text_color=&#8221;#ffffff&#8221; button_bg_color=&#8221;#003f6e&#8221; button_border_radius=&#8221;9px&#8221; button_letter_spacing=&#8221;2px&#8221; button_font=&#8221;|700||on|||||&#8221; button_use_icon=&#8221;off&#8221; custom_padding=&#8221;16px|32px|16px|32px|false|false&#8221; button_bg_color__hover_enabled=&#8221;on|hover&#8221; button_bg_color__hover=&#8221;#007fe0&#8243; button_bg_enable_color__hover=&#8221;on&#8221;][\/et_pb_button][\/et_pb_column][et_pb_column type=&#8221;1_2&#8243; _builder_version=&#8221;4.5.1&#8243; _module_preset=&#8221;default&#8221;][et_pb_button button_url=&#8221;@ET-DC@eyJkeW5hbWljIjp0cnVlLCJjb250ZW50IjoicG9zdF9saW5rX3VybF9wYWdlIiwic2V0dGluZ3MiOnsicG9zdF9pZCI6IjExNjQifX0=@&#8221; button_text=&#8221;Contact us&#8221; button_alignment=&#8221;center&#8221; _builder_version=&#8221;4.6.6&#8243; _dynamic_attributes=&#8221;button_url&#8221; _module_preset=&#8221;default&#8221; custom_button=&#8221;on&#8221; button_text_size=&#8221;15px&#8221; button_text_color=&#8221;#ffffff&#8221; button_bg_color=&#8221;#003f6e&#8221; button_border_radius=&#8221;9px&#8221; button_letter_spacing=&#8221;2px&#8221; button_font=&#8221;|700||on|||||&#8221; button_use_icon=&#8221;off&#8221; custom_padding=&#8221;16px|32px|16px|32px|false|false&#8221; button_bg_color__hover_enabled=&#8221;on|hover&#8221; button_bg_color__hover=&#8221;#007fe0&#8243; button_bg_enable_color__hover=&#8221;on&#8221;][\/et_pb_button][\/et_pb_column][\/et_pb_row][\/et_pb_section]<\/p>\n","protected":false},"excerpt":{"rendered":"<p>Small and mid-sized enterprises We offer accounting services for small and mid-sized enterprises. Our expertise includes preparing financial statements in accordance with the Swiss Code of Obligations, Swiss GAAP FER and IFRS. We also prepare consolidated financial statements. \u00a0Our services for SMEs Support for your annual account closing process Preparation of financial statements in accordance [&hellip;]<\/p>\n","protected":false},"author":1,"featured_media":0,"parent":0,"menu_order":0,"comment_status":"closed","ping_status":"closed","template":"","meta":{"_et_pb_use_builder":"on","_et_pb_old_content":"","_et_gb_content_width":"","footnotes":""},"class_list":["post-1453","page","type-page","status-publish","hentry"],"yoast_head":"<!-- This site is optimized with the Yoast SEO Premium plugin v27.4 (Yoast SEO v27.4) - https:\/\/yoast.com\/product\/yoast-seo-premium-wordpress\/ -->\n<title>SMEs - Accounting firm Gaapex, Lausanne, Z\u00fcrich, Berne, Switzerland<\/title>\n<meta name=\"description\" content=\"Our bookkeeping support services are especially geared to SMEs with their own accounting departments.\" \/>\n<meta name=\"robots\" content=\"index, follow, max-snippet:-1, max-image-preview:large, max-video-preview:-1\" \/>\n<link rel=\"canonical\" href=\"https:\/\/www.gaapex.ch\/en\/smes\/\" \/>\n<meta property=\"og:locale\" content=\"en_US\" \/>\n<meta property=\"og:type\" content=\"article\" \/>\n<meta property=\"og:title\" content=\"SMEs\" \/>\n<meta property=\"og:description\" content=\"Our bookkeeping support services are especially geared to SMEs with their own accounting departments.\" \/>\n<meta property=\"og:url\" content=\"https:\/\/www.gaapex.ch\/en\/smes\/\" \/>\n<meta property=\"og:site_name\" content=\"Accounting firm Gaapex, Lausanne, Z\u00fcrich, Berne, Switzerland\" \/>\n<meta property=\"article:publisher\" content=\"https:\/\/www.facebook.com\/gaapex.ch\" \/>\n<meta property=\"article:modified_time\" content=\"2021-01-05T05:36:05+00:00\" \/>\n<meta name=\"twitter:card\" content=\"summary_large_image\" \/>\n<meta name=\"twitter:site\" content=\"@Gaapex\" \/>\n<meta name=\"twitter:label1\" content=\"Est. reading time\" \/>\n\t<meta name=\"twitter:data1\" content=\"4 minutes\" \/>\n<script type=\"application\/ld+json\" class=\"yoast-schema-graph\">{\"@context\":\"https:\\\/\\\/schema.org\",\"@graph\":[{\"@type\":\"WebPage\",\"@id\":\"https:\\\/\\\/www.gaapex.ch\\\/en\\\/smes\\\/\",\"url\":\"https:\\\/\\\/www.gaapex.ch\\\/en\\\/smes\\\/\",\"name\":\"SMEs - Accounting firm Gaapex, Lausanne, Z\u00fcrich, Berne, Switzerland\",\"isPartOf\":{\"@id\":\"https:\\\/\\\/www.gaapex.ch\\\/en\\\/#website\"},\"datePublished\":\"2020-11-16T14:48:04+00:00\",\"dateModified\":\"2021-01-05T05:36:05+00:00\",\"description\":\"Our bookkeeping support services are especially geared to SMEs with their own accounting departments.\",\"breadcrumb\":{\"@id\":\"https:\\\/\\\/www.gaapex.ch\\\/en\\\/smes\\\/#breadcrumb\"},\"inLanguage\":\"en-US\",\"potentialAction\":[{\"@type\":\"ReadAction\",\"target\":[\"https:\\\/\\\/www.gaapex.ch\\\/en\\\/smes\\\/\"]}]},{\"@type\":\"BreadcrumbList\",\"@id\":\"https:\\\/\\\/www.gaapex.ch\\\/en\\\/smes\\\/#breadcrumb\",\"itemListElement\":[{\"@type\":\"ListItem\",\"position\":1,\"name\":\"Accueil\",\"item\":\"https:\\\/\\\/www.gaapex.ch\\\/en\\\/\"},{\"@type\":\"ListItem\",\"position\":2,\"name\":\"SMEs\"}]},{\"@type\":\"WebSite\",\"@id\":\"https:\\\/\\\/www.gaapex.ch\\\/en\\\/#website\",\"url\":\"https:\\\/\\\/www.gaapex.ch\\\/en\\\/\",\"name\":\"Accounting firm Gaapex, Lausanne, Z\u00fcrich, Berne, Switzerland\",\"description\":\"Comptabilit\u00e9, fiscalit\u00e9 et finance\",\"potentialAction\":[{\"@type\":\"SearchAction\",\"target\":{\"@type\":\"EntryPoint\",\"urlTemplate\":\"https:\\\/\\\/www.gaapex.ch\\\/en\\\/?s={search_term_string}\"},\"query-input\":{\"@type\":\"PropertyValueSpecification\",\"valueRequired\":true,\"valueName\":\"search_term_string\"}}],\"inLanguage\":\"en-US\"}]}<\/script>\n<!-- \/ Yoast SEO Premium plugin. -->","yoast_head_json":{"title":"SMEs - Accounting firm Gaapex, Lausanne, Z\u00fcrich, Berne, Switzerland","description":"Our bookkeeping support services are especially geared to SMEs with their own accounting departments.","robots":{"index":"index","follow":"follow","max-snippet":"max-snippet:-1","max-image-preview":"max-image-preview:large","max-video-preview":"max-video-preview:-1"},"canonical":"https:\/\/www.gaapex.ch\/en\/smes\/","og_locale":"en_US","og_type":"article","og_title":"SMEs","og_description":"Our bookkeeping support services are especially geared to SMEs with their own accounting departments.","og_url":"https:\/\/www.gaapex.ch\/en\/smes\/","og_site_name":"Accounting firm Gaapex, Lausanne, Z\u00fcrich, Berne, Switzerland","article_publisher":"https:\/\/www.facebook.com\/gaapex.ch","article_modified_time":"2021-01-05T05:36:05+00:00","twitter_card":"summary_large_image","twitter_site":"@Gaapex","twitter_misc":{"Est. reading time":"4 minutes"},"schema":{"@context":"https:\/\/schema.org","@graph":[{"@type":"WebPage","@id":"https:\/\/www.gaapex.ch\/en\/smes\/","url":"https:\/\/www.gaapex.ch\/en\/smes\/","name":"SMEs - Accounting firm Gaapex, Lausanne, Z\u00fcrich, Berne, Switzerland","isPartOf":{"@id":"https:\/\/www.gaapex.ch\/en\/#website"},"datePublished":"2020-11-16T14:48:04+00:00","dateModified":"2021-01-05T05:36:05+00:00","description":"Our bookkeeping support services are especially geared to SMEs with their own accounting departments.","breadcrumb":{"@id":"https:\/\/www.gaapex.ch\/en\/smes\/#breadcrumb"},"inLanguage":"en-US","potentialAction":[{"@type":"ReadAction","target":["https:\/\/www.gaapex.ch\/en\/smes\/"]}]},{"@type":"BreadcrumbList","@id":"https:\/\/www.gaapex.ch\/en\/smes\/#breadcrumb","itemListElement":[{"@type":"ListItem","position":1,"name":"Accueil","item":"https:\/\/www.gaapex.ch\/en\/"},{"@type":"ListItem","position":2,"name":"SMEs"}]},{"@type":"WebSite","@id":"https:\/\/www.gaapex.ch\/en\/#website","url":"https:\/\/www.gaapex.ch\/en\/","name":"Accounting firm Gaapex, Lausanne, Z\u00fcrich, Berne, Switzerland","description":"Comptabilit\u00e9, fiscalit\u00e9 et finance","potentialAction":[{"@type":"SearchAction","target":{"@type":"EntryPoint","urlTemplate":"https:\/\/www.gaapex.ch\/en\/?s={search_term_string}"},"query-input":{"@type":"PropertyValueSpecification","valueRequired":true,"valueName":"search_term_string"}}],"inLanguage":"en-US"}]}},"_links":{"self":[{"href":"https:\/\/www.gaapex.ch\/en\/wp-json\/wp\/v2\/pages\/1453","targetHints":{"allow":["GET"]}}],"collection":[{"href":"https:\/\/www.gaapex.ch\/en\/wp-json\/wp\/v2\/pages"}],"about":[{"href":"https:\/\/www.gaapex.ch\/en\/wp-json\/wp\/v2\/types\/page"}],"author":[{"embeddable":true,"href":"https:\/\/www.gaapex.ch\/en\/wp-json\/wp\/v2\/users\/1"}],"replies":[{"embeddable":true,"href":"https:\/\/www.gaapex.ch\/en\/wp-json\/wp\/v2\/comments?post=1453"}],"version-history":[{"count":0,"href":"https:\/\/www.gaapex.ch\/en\/wp-json\/wp\/v2\/pages\/1453\/revisions"}],"wp:attachment":[{"href":"https:\/\/www.gaapex.ch\/en\/wp-json\/wp\/v2\/media?parent=1453"}],"curies":[{"name":"wp","href":"https:\/\/api.w.org\/{rel}","templated":true}]}}