{"id":3040,"date":"2023-06-07T07:18:55","date_gmt":"2023-06-07T05:18:55","guid":{"rendered":"https:\/\/www.gaapex.ch\/?page_id=3040"},"modified":"2023-06-07T07:18:56","modified_gmt":"2023-06-07T05:18:56","slug":"cfo-ad-interim","status":"publish","type":"page","link":"https:\/\/www.gaapex.ch\/en\/cfo-ad-interim\/","title":{"rendered":"CFO ad interim"},"content":{"rendered":"<p>[et_pb_section fb_built=&#8221;1&#8243; admin_label=&#8221;Hero&#8221; _builder_version=&#8221;4.16&#8243; background_color=&#8221;rgba(0,0,0,0)&#8221; use_background_color_gradient=&#8221;on&#8221; background_color_gradient_direction=&#8221;90deg&#8221; background_color_gradient_stops=&#8221;#003f6e 0%|rgba(0,63,110,0.3) 100%&#8221; background_color_gradient_overlays_image=&#8221;on&#8221; background_color_gradient_start=&#8221;#003f6e&#8221; background_color_gradient_end=&#8221;rgba(0,63,110,0.3)&#8221; background_image=&#8221;https:\/\/www.gaapex.ch\/wp-content\/uploads\/2020\/10\/AdobeStock_328032850-scaled.jpeg&#8221; custom_padding=&#8221;|||&#8221; global_colors_info=&#8221;{}&#8221;][et_pb_row _builder_version=&#8221;4.16&#8243; background_size=&#8221;initial&#8221; background_position=&#8221;top_left&#8221; background_repeat=&#8221;repeat&#8221; custom_padding=&#8221;27px|0px|27px|0px|false|false&#8221; global_colors_info=&#8221;{}&#8221;][et_pb_column type=&#8221;4_4&#8243; _builder_version=&#8221;4.16&#8243; custom_padding=&#8221;|||&#8221; global_colors_info=&#8221;{}&#8221; custom_padding__hover=&#8221;|||&#8221;][et_pb_text _builder_version=&#8221;4.16&#8243; text_font=&#8221;||||||||&#8221; text_font_size=&#8221;20px&#8221; text_line_height=&#8221;1.8em&#8221; header_font=&#8221;Open Sans|800|||||||&#8221; header_font_size=&#8221;60px&#8221; header_line_height=&#8221;1.3em&#8221; background_size=&#8221;initial&#8221; background_position=&#8221;top_left&#8221; background_repeat=&#8221;repeat&#8221; background_layout=&#8221;dark&#8221; max_width=&#8221;600px&#8221; max_width_tablet=&#8221;&#8221; max_width_phone=&#8221;100%&#8221; max_width_last_edited=&#8221;on|phone&#8221; custom_margin=&#8221;|-492px||||&#8221; custom_margin_tablet=&#8221;|100px||&#8221; custom_margin_phone=&#8221;|30px||&#8221; custom_margin_last_edited=&#8221;off|desktop&#8221; custom_padding=&#8221;|0px||||&#8221; header_font_size_tablet=&#8221;50px&#8221; header_font_size_phone=&#8221;40px&#8221; header_font_size_last_edited=&#8221;on|phone&#8221; header_line_height_tablet=&#8221;&#8221; header_line_height_phone=&#8221;&#8221; header_line_height_last_edited=&#8221;on|desktop&#8221; global_colors_info=&#8221;{}&#8221;]<\/p>\n<h1>CFO ad interim<\/h1>\n<p>You need the skills of an interim CFO? We offer external CFO solutions adapted to your requirements.<\/p>\n<p>[\/et_pb_text][\/et_pb_column][\/et_pb_row][\/et_pb_section][et_pb_section fb_built=&#8221;1&#8243; _builder_version=&#8221;4.16&#8243; _module_preset=&#8221;default&#8221; global_colors_info=&#8221;{}&#8221;][et_pb_row column_structure=&#8221;1_2,1_2&#8243; _builder_version=&#8221;4.16&#8243; _module_preset=&#8221;default&#8221; global_colors_info=&#8221;{}&#8221;][et_pb_column type=&#8221;1_2&#8243; _builder_version=&#8221;4.16&#8243; _module_preset=&#8221;default&#8221; global_colors_info=&#8221;{}&#8221;][et_pb_text _builder_version=&#8221;4.21.0&#8243; header_font=&#8221;||||||||&#8221; header_2_font=&#8221;Montserrat|700||on|||||&#8221; header_2_text_color=&#8221;#003f6e&#8221; header_2_font_size=&#8221;20px&#8221; header_2_letter_spacing=&#8221;1px&#8221; header_3_font=&#8221;||||||||&#8221; header_4_font=&#8221;Montserrat|700||on|||||&#8221; header_4_text_color=&#8221;#003f6e&#8221; header_4_font_size=&#8221;15px&#8221; header_4_letter_spacing=&#8221;2px&#8221; header_4_line_height=&#8221;1.6em&#8221; min_height=&#8221;30px&#8221; custom_margin=&#8221;||3px|||&#8221; locked=&#8221;off&#8221; global_colors_info=&#8221;{}&#8221;]<\/p>\n<h2>CFO ad Interim<\/h2>\n<p>[\/et_pb_text][et_pb_text _builder_version=&#8221;4.16&#8243; text_font=&#8221;||||||||&#8221; text_font_size=&#8221;16px&#8221; text_line_height=&#8221;1.6em&#8221; header_font=&#8221;||||||||&#8221; header_2_font=&#8221;Montserrat|800|||||||&#8221; header_2_font_size=&#8221;30px&#8221; header_2_line_height=&#8221;1.5em&#8221; header_3_font=&#8221;||||||||&#8221; header_4_font=&#8221;||||||||&#8221; min_height=&#8221;235px&#8221; custom_margin=&#8221;||||false|false&#8221; custom_padding=&#8221;20px||||false|false&#8221; header_2_font_size_tablet=&#8221;30px&#8221; header_2_font_size_phone=&#8221;20px&#8221; header_2_font_size_last_edited=&#8221;on|phone&#8221; border_color_all=&#8221;#12eaa6&#8243; border_width_top=&#8221;2px&#8221; border_color_top=&#8221;#003f6e&#8221; locked=&#8221;off&#8221; global_colors_info=&#8221;{}&#8221;]<\/p>\n<p>Your company has reached a critical size that requires the skills of a CFO, is nevertheless not big enough to occupy a CFO full time? The accounting\/finance responsible of your company is missing during a certain time and you are missing the competencies in this specific area? We offer CFO ad interim solutions adapted to your needs<\/p>\n<p>Our services include the following:<\/p>\n<p>&nbsp;<\/p>\n<ul>\n<li>Support of your accounting team<\/li>\n<li>Assistance with the closing of the financial statements<\/li>\n<li>Management of the external audit<\/li>\n<li>Preparation of reportings (internal and external)<\/li>\n<li>Planning of future cash flows and budgeting<\/li>\n<li>Implementation of processes<\/li>\n<\/ul>\n<p>[\/et_pb_text][\/et_pb_column][et_pb_column type=&#8221;1_2&#8243; _builder_version=&#8221;4.16&#8243; _module_preset=&#8221;default&#8221; global_colors_info=&#8221;{}&#8221;][et_pb_text _builder_version=&#8221;4.16&#8243; header_font=&#8221;||||||||&#8221; header_2_font=&#8221;Montserrat|700||on|||||&#8221; header_2_text_color=&#8221;#003f6e&#8221; header_2_font_size=&#8221;20px&#8221; header_2_letter_spacing=&#8221;1px&#8221; header_3_font=&#8221;||||||||&#8221; header_4_font=&#8221;Montserrat|700||on|||||&#8221; header_4_text_color=&#8221;#003f6e&#8221; header_4_font_size=&#8221;15px&#8221; header_4_letter_spacing=&#8221;2px&#8221; header_4_line_height=&#8221;1.6em&#8221; min_height=&#8221;30px&#8221; custom_margin=&#8221;||3px|||&#8221; locked=&#8221;off&#8221; global_colors_info=&#8221;{}&#8221;][\/et_pb_text][et_pb_image src=&#8221;https:\/\/www.gaapex.ch\/wp-content\/uploads\/2020\/10\/AdobeStock_320243798-scaled.jpeg&#8221; title_text=&#8221;due-diligence&#8221; _builder_version=&#8221;4.21.0&#8243; _module_preset=&#8221;default&#8221; custom_margin=&#8221;||||false|false&#8221; custom_padding=&#8221;20px||||false|false&#8221; global_colors_info=&#8221;{}&#8221;][\/et_pb_image][\/et_pb_column][\/et_pb_row][\/et_pb_section][et_pb_section fb_built=&#8221;1&#8243; _builder_version=&#8221;4.16&#8243; _module_preset=&#8221;default&#8221; background_color=&#8221;#003f6e&#8221; global_colors_info=&#8221;{}&#8221;][et_pb_row _builder_version=&#8221;4.16&#8243; _module_preset=&#8221;default&#8221; global_colors_info=&#8221;{}&#8221;][et_pb_column type=&#8221;4_4&#8243; _builder_version=&#8221;4.16&#8243; _module_preset=&#8221;default&#8221; global_colors_info=&#8221;{}&#8221;][et_pb_text _builder_version=&#8221;4.16&#8243; _module_preset=&#8221;default&#8221; text_text_color=&#8221;#003f6e&#8221; header_3_text_color=&#8221;#ffffff&#8221; custom_padding=&#8221;18px|||||&#8221; global_colors_info=&#8221;{}&#8221;]<\/p>\n<h3 style=\"text-align: center;\">Would you like to have more details regarding the services we can offer?<\/h3>\n<p>[\/et_pb_text][\/et_pb_column][\/et_pb_row][et_pb_row _builder_version=&#8221;4.16&#8243; _module_preset=&#8221;default&#8221; global_colors_info=&#8221;{}&#8221;][et_pb_column type=&#8221;4_4&#8243; _builder_version=&#8221;4.16&#8243; _module_preset=&#8221;default&#8221; global_colors_info=&#8221;{}&#8221;][et_pb_button button_url=&#8221;@ET-DC@eyJkeW5hbWljIjp0cnVlLCJjb250ZW50IjoicG9zdF9saW5rX3VybF9wYWdlIiwic2V0dGluZ3MiOnsicG9zdF9pZCI6IjExNjQifX0=@&#8221; button_text=&#8221;Contact us&#8221; button_alignment=&#8221;center&#8221; _builder_version=&#8221;4.16&#8243; _dynamic_attributes=&#8221;button_url&#8221; _module_preset=&#8221;default&#8221; custom_button=&#8221;on&#8221; button_text_size=&#8221;15px&#8221; button_text_color=&#8221;#ffffff&#8221; button_bg_color=&#8221;#003f6e&#8221; button_border_radius=&#8221;9px&#8221; button_letter_spacing=&#8221;2px&#8221; button_font=&#8221;|700||on|||||&#8221; button_use_icon=&#8221;off&#8221; custom_padding=&#8221;16px|32px|16px|32px|false|false&#8221; global_colors_info=&#8221;{}&#8221; button_bg_color__hover_enabled=&#8221;on|hover&#8221; button_bg_color__hover=&#8221;#007fe0&#8243; button_bg_enable_color__hover=&#8221;on&#8221;][\/et_pb_button][\/et_pb_column][\/et_pb_row][\/et_pb_section]<\/p>\n","protected":false},"excerpt":{"rendered":"<p>CFO ad interim You need the skills of an interim CFO? We offer external CFO solutions adapted to your requirements.CFO ad InterimYour company has reached a critical size that requires the skills of a CFO, is nevertheless not big enough to occupy a CFO full time? The accounting\/finance responsible of your company is missing during [&hellip;]<\/p>\n","protected":false},"author":1,"featured_media":0,"parent":0,"menu_order":0,"comment_status":"closed","ping_status":"closed","template":"","meta":{"_et_pb_use_builder":"on","_et_pb_old_content":"","_et_gb_content_width":"","footnotes":""},"class_list":["post-3040","page","type-page","status-publish","hentry"],"yoast_head":"<!-- This site is optimized with the Yoast SEO Premium plugin v27.4 (Yoast SEO v27.4) - https:\/\/yoast.com\/product\/yoast-seo-premium-wordpress\/ -->\n<title>CFO ad interim - Accounting firm Gaapex, Lausanne, Z\u00fcrich, Berne, Switzerland<\/title>\n<meta name=\"description\" content=\"You need the skills of an interim CFO? We offer external CFO solutions adapted to your needs.\" \/>\n<meta name=\"robots\" content=\"index, follow, max-snippet:-1, max-image-preview:large, max-video-preview:-1\" \/>\n<link rel=\"canonical\" href=\"https:\/\/www.gaapex.ch\/en\/cfo-ad-interim\/\" \/>\n<meta property=\"og:locale\" content=\"en_US\" \/>\n<meta property=\"og:type\" content=\"article\" \/>\n<meta property=\"og:title\" content=\"CFO ad interim\" \/>\n<meta property=\"og:description\" content=\"You need the skills of an interim CFO? We offer external CFO solutions adapted to your needs.\" \/>\n<meta property=\"og:url\" content=\"https:\/\/www.gaapex.ch\/en\/cfo-ad-interim\/\" \/>\n<meta property=\"og:site_name\" content=\"Accounting firm Gaapex, Lausanne, Z\u00fcrich, Berne, Switzerland\" \/>\n<meta property=\"article:publisher\" content=\"https:\/\/www.facebook.com\/gaapex.ch\" \/>\n<meta property=\"article:modified_time\" content=\"2023-06-07T05:18:56+00:00\" \/>\n<meta name=\"twitter:card\" content=\"summary_large_image\" \/>\n<meta name=\"twitter:site\" content=\"@Gaapex\" \/>\n<meta name=\"twitter:label1\" content=\"Est. reading time\" \/>\n\t<meta name=\"twitter:data1\" content=\"4 minutes\" \/>\n<script type=\"application\/ld+json\" class=\"yoast-schema-graph\">{\"@context\":\"https:\\\/\\\/schema.org\",\"@graph\":[{\"@type\":\"WebPage\",\"@id\":\"https:\\\/\\\/www.gaapex.ch\\\/en\\\/cfo-ad-interim\\\/\",\"url\":\"https:\\\/\\\/www.gaapex.ch\\\/en\\\/cfo-ad-interim\\\/\",\"name\":\"CFO ad interim - Accounting firm Gaapex, Lausanne, Z\u00fcrich, Berne, Switzerland\",\"isPartOf\":{\"@id\":\"https:\\\/\\\/www.gaapex.ch\\\/en\\\/#website\"},\"datePublished\":\"2023-06-07T05:18:55+00:00\",\"dateModified\":\"2023-06-07T05:18:56+00:00\",\"description\":\"You need the skills of an interim CFO? We offer external CFO solutions adapted to your needs.\",\"breadcrumb\":{\"@id\":\"https:\\\/\\\/www.gaapex.ch\\\/en\\\/cfo-ad-interim\\\/#breadcrumb\"},\"inLanguage\":\"en-US\",\"potentialAction\":[{\"@type\":\"ReadAction\",\"target\":[\"https:\\\/\\\/www.gaapex.ch\\\/en\\\/cfo-ad-interim\\\/\"]}]},{\"@type\":\"BreadcrumbList\",\"@id\":\"https:\\\/\\\/www.gaapex.ch\\\/en\\\/cfo-ad-interim\\\/#breadcrumb\",\"itemListElement\":[{\"@type\":\"ListItem\",\"position\":1,\"name\":\"Accueil\",\"item\":\"https:\\\/\\\/www.gaapex.ch\\\/en\\\/\"},{\"@type\":\"ListItem\",\"position\":2,\"name\":\"CFO ad interim\"}]},{\"@type\":\"WebSite\",\"@id\":\"https:\\\/\\\/www.gaapex.ch\\\/en\\\/#website\",\"url\":\"https:\\\/\\\/www.gaapex.ch\\\/en\\\/\",\"name\":\"Accounting firm Gaapex, Lausanne, Z\u00fcrich, Berne, Switzerland\",\"description\":\"Comptabilit\u00e9, fiscalit\u00e9 et finance\",\"potentialAction\":[{\"@type\":\"SearchAction\",\"target\":{\"@type\":\"EntryPoint\",\"urlTemplate\":\"https:\\\/\\\/www.gaapex.ch\\\/en\\\/?s={search_term_string}\"},\"query-input\":{\"@type\":\"PropertyValueSpecification\",\"valueRequired\":true,\"valueName\":\"search_term_string\"}}],\"inLanguage\":\"en-US\"}]}<\/script>\n<!-- \/ Yoast SEO Premium plugin. -->","yoast_head_json":{"title":"CFO ad interim - Accounting firm Gaapex, Lausanne, Z\u00fcrich, Berne, Switzerland","description":"You need the skills of an interim CFO? We offer external CFO solutions adapted to your needs.","robots":{"index":"index","follow":"follow","max-snippet":"max-snippet:-1","max-image-preview":"max-image-preview:large","max-video-preview":"max-video-preview:-1"},"canonical":"https:\/\/www.gaapex.ch\/en\/cfo-ad-interim\/","og_locale":"en_US","og_type":"article","og_title":"CFO ad interim","og_description":"You need the skills of an interim CFO? We offer external CFO solutions adapted to your needs.","og_url":"https:\/\/www.gaapex.ch\/en\/cfo-ad-interim\/","og_site_name":"Accounting firm Gaapex, Lausanne, Z\u00fcrich, Berne, Switzerland","article_publisher":"https:\/\/www.facebook.com\/gaapex.ch","article_modified_time":"2023-06-07T05:18:56+00:00","twitter_card":"summary_large_image","twitter_site":"@Gaapex","twitter_misc":{"Est. reading time":"4 minutes"},"schema":{"@context":"https:\/\/schema.org","@graph":[{"@type":"WebPage","@id":"https:\/\/www.gaapex.ch\/en\/cfo-ad-interim\/","url":"https:\/\/www.gaapex.ch\/en\/cfo-ad-interim\/","name":"CFO ad interim - Accounting firm Gaapex, Lausanne, Z\u00fcrich, Berne, Switzerland","isPartOf":{"@id":"https:\/\/www.gaapex.ch\/en\/#website"},"datePublished":"2023-06-07T05:18:55+00:00","dateModified":"2023-06-07T05:18:56+00:00","description":"You need the skills of an interim CFO? We offer external CFO solutions adapted to your needs.","breadcrumb":{"@id":"https:\/\/www.gaapex.ch\/en\/cfo-ad-interim\/#breadcrumb"},"inLanguage":"en-US","potentialAction":[{"@type":"ReadAction","target":["https:\/\/www.gaapex.ch\/en\/cfo-ad-interim\/"]}]},{"@type":"BreadcrumbList","@id":"https:\/\/www.gaapex.ch\/en\/cfo-ad-interim\/#breadcrumb","itemListElement":[{"@type":"ListItem","position":1,"name":"Accueil","item":"https:\/\/www.gaapex.ch\/en\/"},{"@type":"ListItem","position":2,"name":"CFO ad interim"}]},{"@type":"WebSite","@id":"https:\/\/www.gaapex.ch\/en\/#website","url":"https:\/\/www.gaapex.ch\/en\/","name":"Accounting firm Gaapex, Lausanne, Z\u00fcrich, Berne, Switzerland","description":"Comptabilit\u00e9, fiscalit\u00e9 et finance","potentialAction":[{"@type":"SearchAction","target":{"@type":"EntryPoint","urlTemplate":"https:\/\/www.gaapex.ch\/en\/?s={search_term_string}"},"query-input":{"@type":"PropertyValueSpecification","valueRequired":true,"valueName":"search_term_string"}}],"inLanguage":"en-US"}]}},"_links":{"self":[{"href":"https:\/\/www.gaapex.ch\/en\/wp-json\/wp\/v2\/pages\/3040","targetHints":{"allow":["GET"]}}],"collection":[{"href":"https:\/\/www.gaapex.ch\/en\/wp-json\/wp\/v2\/pages"}],"about":[{"href":"https:\/\/www.gaapex.ch\/en\/wp-json\/wp\/v2\/types\/page"}],"author":[{"embeddable":true,"href":"https:\/\/www.gaapex.ch\/en\/wp-json\/wp\/v2\/users\/1"}],"replies":[{"embeddable":true,"href":"https:\/\/www.gaapex.ch\/en\/wp-json\/wp\/v2\/comments?post=3040"}],"version-history":[{"count":13,"href":"https:\/\/www.gaapex.ch\/en\/wp-json\/wp\/v2\/pages\/3040\/revisions"}],"predecessor-version":[{"id":3066,"href":"https:\/\/www.gaapex.ch\/en\/wp-json\/wp\/v2\/pages\/3040\/revisions\/3066"}],"wp:attachment":[{"href":"https:\/\/www.gaapex.ch\/en\/wp-json\/wp\/v2\/media?parent=3040"}],"curies":[{"name":"wp","href":"https:\/\/api.w.org\/{rel}","templated":true}]}}